{"id":2312,"date":"2017-11-15T09:43:23","date_gmt":"2017-11-15T08:43:23","guid":{"rendered":"http:\/\/www.aptobradametala.com\/agro-pellet-tim\/"},"modified":"2018-10-01T12:40:29","modified_gmt":"2018-10-01T10:40:29","slug":"agro-pellet-tim","status":"publish","type":"page","link":"https:\/\/www.aptobradametala.com\/de\/agro-pellet-tim\/","title":{"rendered":"Agro pellet tim"},"content":{"rendered":"<p><div class=\"fusion-fullwidth fullwidth-box fusion-builder-row-1 fusion-parallax-none nonhundred-percent-fullwidth non-hundred-percent-height-scrolling\" style=\"--awb-border-radius-top-left:0px;--awb-border-radius-top-right:0px;--awb-border-radius-bottom-right:0px;--awb-border-radius-bottom-left:0px;--awb-padding-top:45px;--awb-background-color:#eeeeee;--awb-background-image:url(&quot;http:\/\/www.aptobradametala.com\/wp-content\/uploads\/2018\/09\/plastifikacija-metala-beograd-1.jpg&quot;);--awb-background-size:cover;--awb-flex-wrap:wrap;\" ><div class=\"fusion-builder-row fusion-row\"><div class=\"fusion-layout-column fusion_builder_column fusion-builder-column-0 fusion_builder_column_1_1 1_1 fusion-one-full fusion-column-first fusion-column-last fusion-animated\" style=\"--awb-bg-size:cover;--awb-margin-top:35px;--awb-margin-bottom:10px;\" data-animationType=\"zoomIn\" data-animationDuration=\"0.9\" data-animationOffset=\"top-into-view\"><div class=\"fusion-column-wrapper fusion-flex-column-wrapper-legacy\"><div class=\"fusion-title title fusion-title-1 fusion-sep-none fusion-title-center fusion-title-text fusion-title-size-one\"><h1 class=\"fusion-title-heading title-heading-center fusion-responsive-typography-calculated\" style=\"margin:0;--fontSize:48;line-height:1.05;\"><span style=\"color: #333645;\">AGRO PELLET TIM<\/span><\/h1><\/div><div class=\"fusion-sep-clear\"><\/div><div class=\"fusion-separator\" style=\"margin-left: auto;margin-right: auto;margin-top:16px;margin-bottom:36px;width:100%;max-width:24%;\"><div class=\"fusion-separator-border sep-single\" style=\"--awb-height:20px;--awb-amount:20px;border-color:#5e6276;border-top-width:2px;\"><\/div><\/div><div class=\"fusion-sep-clear\"><\/div><div class=\"fusion-text fusion-text-1\"><p style=\"text-align: center;\"><span style=\"color: #000000;\">Das APT Unternehmen ist ein Familienunternehmen, das sich mit der Bearbeitung und \u00dcberarbeitung von Metall besch\u00e4ftigt. Gegr\u00fcndet wurde sie schon 1997, damals unter dem Namen Stadur.<\/span><\/p>\n<\/div><div class=\"fusion-clearfix\"><\/div><\/div><\/div><div class=\"fusion-layout-column fusion_builder_column fusion-builder-column-1 fusion_builder_column_1_1 1_1 fusion-one-full fusion-column-first fusion-column-last\" style=\"--awb-bg-size:cover;--awb-margin-top:0px;--awb-margin-bottom:0px;\"><div class=\"fusion-column-wrapper fusion-flex-column-wrapper-legacy\"><div class=\"fusion-column-content-centered\"><div class=\"fusion-column-content\"><div class=\"fusion-section-separator section-separator slant fusion-section-separator-1\" style=\"--awb-spacer-height:99px;--awb-svg-margin-left:0;--awb-svg-margin-right:0;--awb-divider-height:99px;--awb-spacer-padding-top:inherit;--awb-sep-padding:0;--awb-svg-padding:0;--awb-svg-tag-margin-bottom:-3px;--awb-sep-svg-display:block;\"><div class=\"fusion-section-separator-svg\"><svg class=\"fusion-slant-candy\" xmlns=\"http:\/\/www.w3.org\/2000\/svg\" version=\"1.1\" width=\"100%\" height=\"100\" viewBox=\"0 0 100 100\" preserveAspectRatio=\"none\" fill=\"rgba(51,54,69,1)\"><path d=\"M0 0 L0 100 L100 100 Z\"><\/path><\/svg><\/div><div class=\"fusion-section-separator-spacer\"><div class=\"fusion-section-separator-spacer-height\"><\/div><\/div><\/div><\/div><\/div><div class=\"fusion-clearfix\"><\/div><\/div><\/div><\/div><\/div><div class=\"fusion-fullwidth fullwidth-box fusion-builder-row-2 nonhundred-percent-fullwidth non-hundred-percent-height-scrolling\" style=\"--awb-background-position:center bottom;--awb-border-radius-top-left:0px;--awb-border-radius-top-right:0px;--awb-border-radius-bottom-right:0px;--awb-border-radius-bottom-left:0px;--awb-padding-top:40px;--awb-padding-bottom:70px;--awb-flex-wrap:wrap;\" ><div class=\"fusion-builder-row fusion-row\"><div class=\"fusion-layout-column fusion_builder_column fusion-builder-column-2 fusion_builder_column_1_1 1_1 fusion-one-full fusion-column-first fusion-column-last\" style=\"--awb-bg-size:cover;--awb-margin-top:20px;\"><div class=\"fusion-column-wrapper fusion-flex-column-wrapper-legacy\"><div class=\"fusion-title title fusion-title-2 fusion-sep-none fusion-title-center fusion-title-text fusion-title-size-three\" style=\"--awb-margin-top:0px;\"><h3 class=\"fusion-title-heading title-heading-center fusion-responsive-typography-calculated\" style=\"margin:0;--fontSize:26;line-height:1.15;\"><span style=\"color: #ffffff;\">Am Anfang haben wir uns nur mit Pulverbeschichtung besch\u00e4ftigt. Nachhinein, haben wir viel Erfahrung gesammelt und unsere Produktion verbreitet. So besch\u00e4figen wir uns heute auch mit Metallbearbeitung.<\/span><\/h3><\/div><div class=\"fusion-sep-clear\"><\/div><div class=\"fusion-separator\" style=\"margin-left: auto;margin-right: auto;margin-top:16px;margin-bottom:36px;width:100%;max-width:24%;\"><div class=\"fusion-separator-border sep-single\" style=\"--awb-height:20px;--awb-amount:20px;border-color:#5e6276;border-top-width:2px;\"><\/div><\/div><div class=\"fusion-sep-clear\"><\/div><div class=\"fusion-text fusion-text-2\"><p style=\"text-align: center;\">Unsere Arbeit konzetriert sich auf Pulverbeschichtung. Auf diesem Gebiet haben wir uns durch jahrelange Arbeit gesteigert. Die W\u00f6rter, die uns am besten beschreiben sind hohe Qualit\u00e4t und Schnelligkeit.<\/p>\n<\/div><div class=\"fusion-sep-clear\"><\/div><div class=\"fusion-separator\" style=\"margin-left: auto;margin-right: auto;margin-bottom:20px;width:100%;max-width:24%;\"><\/div><div class=\"fusion-sep-clear\"><\/div><div class=\"fusion-clearfix\"><\/div><\/div><\/div><div class=\"fusion-layout-column fusion_builder_column fusion-builder-column-3 fusion_builder_column_1_6 1_6 fusion-one-sixth fusion-column-first\" style=\"--awb-bg-size:cover;width:16.666666666667%;width:calc(16.666666666667% - ( ( 4% + 4% ) * 0.16666666666667 ) );margin-right: 4%;\"><div class=\"fusion-column-wrapper fusion-flex-column-wrapper-legacy\"><div class=\"fusion-clearfix\"><\/div><\/div><\/div><div class=\"fusion-layout-column fusion_builder_column fusion-builder-column-4 fusion_builder_column_2_3 2_3 fusion-two-third\" style=\"--awb-bg-size:cover;width:66.666666666667%;width:calc(66.666666666667% - ( ( 4% + 4% ) * 0.66666666666667 ) );margin-right: 4%;\"><div class=\"fusion-column-wrapper fusion-flex-column-wrapper-legacy\"><div class=\"fusion-image-element fusion-image-align-center in-legacy-container\" style=\"text-align:center;--awb-caption-title-font-family:var(--h2_typography-font-family);--awb-caption-title-font-weight:var(--h2_typography-font-weight);--awb-caption-title-font-style:var(--h2_typography-font-style);--awb-caption-title-size:var(--h2_typography-font-size);--awb-caption-title-transform:var(--h2_typography-text-transform);--awb-caption-title-line-height:var(--h2_typography-line-height);--awb-caption-title-letter-spacing:var(--h2_typography-letter-spacing);\"><div class=\"imageframe-align-center\"><span class=\" fusion-imageframe imageframe-dropshadow imageframe-1 hover-type-none\" style=\"-webkit-box-shadow: 3px 3px 7px rgba(0,0,0,0.3);box-shadow: 3px 3px 7px rgba(0,0,0,0.3);\"><img decoding=\"async\" width=\"960\" height=\"903\" title=\"aptdoo\" src=\"http:\/\/www.aptobradametala.com\/wp-content\/uploads\/2018\/09\/aptdoo.jpg\" alt class=\"img-responsive wp-image-2225\" srcset=\"https:\/\/www.aptobradametala.com\/wp-content\/uploads\/2018\/09\/aptdoo-200x188.jpg 200w, https:\/\/www.aptobradametala.com\/wp-content\/uploads\/2018\/09\/aptdoo-400x376.jpg 400w, https:\/\/www.aptobradametala.com\/wp-content\/uploads\/2018\/09\/aptdoo-600x564.jpg 600w, https:\/\/www.aptobradametala.com\/wp-content\/uploads\/2018\/09\/aptdoo-800x753.jpg 800w, https:\/\/www.aptobradametala.com\/wp-content\/uploads\/2018\/09\/aptdoo.jpg 960w\" sizes=\"(max-width: 1000px) 100vw, 800px\" \/><\/span><\/div><\/div><div class=\"fusion-align-block\"><a class=\"fusion-button button-flat button-large button-default fusion-button-default button-1 fusion-button-span-yes fusion-button-default-type\" target=\"_self\" href=\"tel:+38162762820\"><span class=\"fusion-button-text\">F\u00fcr weitere Informationen rufen Sie uns an <\/span><\/a><\/div><div class=\"fusion-clearfix\"><\/div><\/div><\/div><div class=\"fusion-layout-column fusion_builder_column fusion-builder-column-5 fusion_builder_column_1_6 1_6 fusion-one-sixth fusion-column-last\" style=\"--awb-bg-size:cover;width:16.666666666667%;width:calc(16.666666666667% - ( ( 4% + 4% ) * 0.16666666666667 ) );\"><div class=\"fusion-column-wrapper fusion-flex-column-wrapper-legacy\"><div class=\"fusion-clearfix\"><\/div><\/div><\/div><\/div><\/div><\/p>\n","protected":false},"excerpt":{"rendered":"","protected":false},"author":1,"featured_media":0,"parent":0,"menu_order":0,"comment_status":"closed","ping_status":"closed","template":"100-width.php","meta":{"ngg_post_thumbnail":0,"footnotes":""},"class_list":["post-2312","page","type-page","status-publish","hentry"],"yoast_head":"<!-- This site is optimized with the Yoast SEO plugin v23.0 - https:\/\/yoast.com\/wordpress\/plugins\/seo\/ -->\n<title>Agro pellet tim - Prerada i zavr\u0161na obrada metala<\/title>\n<meta name=\"robots\" content=\"index, follow, max-snippet:-1, max-image-preview:large, max-video-preview:-1\" \/>\n<link rel=\"canonical\" href=\"https:\/\/www.aptobradametala.com\/de\/agro-pellet-tim\/\" \/>\n<meta property=\"og:locale\" content=\"de_DE\" \/>\n<meta property=\"og:type\" content=\"article\" \/>\n<meta property=\"og:title\" content=\"Agro pellet tim - Prerada i zavr\u0161na obrada metala\" \/>\n<meta property=\"og:url\" content=\"https:\/\/www.aptobradametala.com\/de\/agro-pellet-tim\/\" \/>\n<meta property=\"og:site_name\" content=\"Prerada i zavr\u0161na obrada metala\" \/>\n<meta property=\"article:modified_time\" content=\"2018-10-01T10:40:29+00:00\" \/>\n<meta name=\"twitter:card\" content=\"summary_large_image\" \/>\n<meta name=\"twitter:label1\" content=\"Gesch\u00e4tzte Lesezeit\" \/>\n\t<meta name=\"twitter:data1\" content=\"6\u00a0Minuten\" \/>\n<script type=\"application\/ld+json\" class=\"yoast-schema-graph\">{\"@context\":\"https:\/\/schema.org\",\"@graph\":[{\"@type\":\"WebPage\",\"@id\":\"https:\/\/www.aptobradametala.com\/de\/agro-pellet-tim\/\",\"url\":\"https:\/\/www.aptobradametala.com\/de\/agro-pellet-tim\/\",\"name\":\"Agro pellet tim - Prerada i zavr\u0161na obrada metala\",\"isPartOf\":{\"@id\":\"https:\/\/www.aptobradametala.com\/#website\"},\"datePublished\":\"2017-11-15T08:43:23+00:00\",\"dateModified\":\"2018-10-01T10:40:29+00:00\",\"breadcrumb\":{\"@id\":\"https:\/\/www.aptobradametala.com\/de\/agro-pellet-tim\/#breadcrumb\"},\"inLanguage\":\"de\",\"potentialAction\":[{\"@type\":\"ReadAction\",\"target\":[\"https:\/\/www.aptobradametala.com\/de\/agro-pellet-tim\/\"]}]},{\"@type\":\"BreadcrumbList\",\"@id\":\"https:\/\/www.aptobradametala.com\/de\/agro-pellet-tim\/#breadcrumb\",\"itemListElement\":[{\"@type\":\"ListItem\",\"position\":1,\"name\":\"\u041f\u043e\u0447\u0435\u0442\u043d\u0430\",\"item\":\"https:\/\/www.aptobradametala.com\/de\/\"},{\"@type\":\"ListItem\",\"position\":2,\"name\":\"Agro pellet tim\"}]},{\"@type\":\"WebSite\",\"@id\":\"https:\/\/www.aptobradametala.com\/#website\",\"url\":\"https:\/\/www.aptobradametala.com\/\",\"name\":\"Prerada i zavr\u0161na obrada metala\",\"description\":\"Plastifikacija metala, uslu\u017eno probijanje na CNC probija\u010du, izrada polica za supermarket\",\"potentialAction\":[{\"@type\":\"SearchAction\",\"target\":{\"@type\":\"EntryPoint\",\"urlTemplate\":\"https:\/\/www.aptobradametala.com\/?s={search_term_string}\"},\"query-input\":\"required name=search_term_string\"}],\"inLanguage\":\"de\"}]}<\/script>\n<!-- \/ Yoast SEO plugin. -->","yoast_head_json":{"title":"Agro pellet tim - Prerada i zavr\u0161na obrada metala","robots":{"index":"index","follow":"follow","max-snippet":"max-snippet:-1","max-image-preview":"max-image-preview:large","max-video-preview":"max-video-preview:-1"},"canonical":"https:\/\/www.aptobradametala.com\/de\/agro-pellet-tim\/","og_locale":"de_DE","og_type":"article","og_title":"Agro pellet tim - Prerada i zavr\u0161na obrada metala","og_url":"https:\/\/www.aptobradametala.com\/de\/agro-pellet-tim\/","og_site_name":"Prerada i zavr\u0161na obrada metala","article_modified_time":"2018-10-01T10:40:29+00:00","twitter_card":"summary_large_image","twitter_misc":{"Gesch\u00e4tzte Lesezeit":"6\u00a0Minuten"},"schema":{"@context":"https:\/\/schema.org","@graph":[{"@type":"WebPage","@id":"https:\/\/www.aptobradametala.com\/de\/agro-pellet-tim\/","url":"https:\/\/www.aptobradametala.com\/de\/agro-pellet-tim\/","name":"Agro pellet tim - Prerada i zavr\u0161na obrada metala","isPartOf":{"@id":"https:\/\/www.aptobradametala.com\/#website"},"datePublished":"2017-11-15T08:43:23+00:00","dateModified":"2018-10-01T10:40:29+00:00","breadcrumb":{"@id":"https:\/\/www.aptobradametala.com\/de\/agro-pellet-tim\/#breadcrumb"},"inLanguage":"de","potentialAction":[{"@type":"ReadAction","target":["https:\/\/www.aptobradametala.com\/de\/agro-pellet-tim\/"]}]},{"@type":"BreadcrumbList","@id":"https:\/\/www.aptobradametala.com\/de\/agro-pellet-tim\/#breadcrumb","itemListElement":[{"@type":"ListItem","position":1,"name":"\u041f\u043e\u0447\u0435\u0442\u043d\u0430","item":"https:\/\/www.aptobradametala.com\/de\/"},{"@type":"ListItem","position":2,"name":"Agro pellet tim"}]},{"@type":"WebSite","@id":"https:\/\/www.aptobradametala.com\/#website","url":"https:\/\/www.aptobradametala.com\/","name":"Prerada i zavr\u0161na obrada metala","description":"Plastifikacija metala, uslu\u017eno probijanje na CNC probija\u010du, izrada polica za supermarket","potentialAction":[{"@type":"SearchAction","target":{"@type":"EntryPoint","urlTemplate":"https:\/\/www.aptobradametala.com\/?s={search_term_string}"},"query-input":"required name=search_term_string"}],"inLanguage":"de"}]}},"_links":{"self":[{"href":"https:\/\/www.aptobradametala.com\/de\/wp-json\/wp\/v2\/pages\/2312"}],"collection":[{"href":"https:\/\/www.aptobradametala.com\/de\/wp-json\/wp\/v2\/pages"}],"about":[{"href":"https:\/\/www.aptobradametala.com\/de\/wp-json\/wp\/v2\/types\/page"}],"author":[{"embeddable":true,"href":"https:\/\/www.aptobradametala.com\/de\/wp-json\/wp\/v2\/users\/1"}],"replies":[{"embeddable":true,"href":"https:\/\/www.aptobradametala.com\/de\/wp-json\/wp\/v2\/comments?post=2312"}],"version-history":[{"count":0,"href":"https:\/\/www.aptobradametala.com\/de\/wp-json\/wp\/v2\/pages\/2312\/revisions"}],"wp:attachment":[{"href":"https:\/\/www.aptobradametala.com\/de\/wp-json\/wp\/v2\/media?parent=2312"}],"curies":[{"name":"wp","href":"https:\/\/api.w.org\/{rel}","templated":true}]}}