{"id":2304,"date":"2018-09-10T11:06:43","date_gmt":"2018-09-10T09:06:43","guid":{"rendered":"http:\/\/www.aptobradametala.com\/plastifikacija-metala\/"},"modified":"2018-10-01T12:43:35","modified_gmt":"2018-10-01T10:43:35","slug":"pulverbeschichtung","status":"publish","type":"page","link":"https:\/\/www.aptobradametala.com\/de\/pulverbeschichtung\/","title":{"rendered":"Pulverbeschichtung"},"content":{"rendered":"<p><div class=\"fusion-fullwidth fullwidth-box fusion-builder-row-1 fusion-parallax-none nonhundred-percent-fullwidth non-hundred-percent-height-scrolling\" style=\"--awb-border-radius-top-left:0px;--awb-border-radius-top-right:0px;--awb-border-radius-bottom-right:0px;--awb-border-radius-bottom-left:0px;--awb-padding-top:45px;--awb-background-color:#eeeeee;--awb-background-image:url(&quot;http:\/\/www.aptobradametala.com\/wp-content\/uploads\/2018\/09\/plastifikacija-metala-beograd-1.jpg&quot;);--awb-background-size:cover;--awb-flex-wrap:wrap;\" ><div class=\"fusion-builder-row fusion-row\"><div class=\"fusion-layout-column fusion_builder_column fusion-builder-column-0 fusion_builder_column_1_1 1_1 fusion-one-full fusion-column-first fusion-column-last fusion-animated\" style=\"--awb-bg-size:cover;--awb-margin-top:35px;--awb-margin-bottom:10px;\" data-animationType=\"zoomIn\" data-animationDuration=\"0.9\" data-animationOffset=\"top-into-view\"><div class=\"fusion-column-wrapper fusion-flex-column-wrapper-legacy\"><div class=\"fusion-title title fusion-title-1 fusion-sep-none fusion-title-center fusion-title-text fusion-title-size-one\"><h1 class=\"fusion-title-heading title-heading-center fusion-responsive-typography-calculated\" style=\"margin:0;--fontSize:48;line-height:1.05;\"><span style=\"color: #333645;\">Pulverbeschichtung<\/span><\/h1><\/div><div class=\"fusion-sep-clear\"><\/div><div class=\"fusion-separator\" style=\"margin-left: auto;margin-right: auto;margin-top:16px;margin-bottom:36px;width:100%;max-width:24%;\"><div class=\"fusion-separator-border sep-single\" style=\"--awb-height:20px;--awb-amount:20px;border-color:#5e6276;border-top-width:2px;\"><\/div><\/div><div class=\"fusion-sep-clear\"><\/div><div class=\"fusion-text fusion-text-1\"><h2 style=\"text-align: center;\">Pulverbeschichtung des Metalls mit schweitzer Ausr\u00fcstung Gema.<\/h2>\n<p style=\"text-align: center;\"><span style=\"color: #5f616f;\">Wir haben drei Pulverbeschichtungs\u00f6fen, unterschiedlicher Dimension<\/span><\/p>\n<p style=\"text-align: center;\"><span style=\"color: #5f616f;\">1.&nbsp; 900 x 2000 x 5500<br \/>\n<\/span><span style=\"color: #5f616f;\">2. 1700 x 3500 x 4500<br \/>\n<\/span><span style=\"color: #5f616f;\">3. 1000 x 1000 x 2000.<\/span><\/p>\n<p style=\"text-align: center;\"><span style=\"color: #5f616f;\">Durch jahrzehntelange Erfahrung auf diesem Gebiet, sind wir heute das beste Unternehmen in unserer Umgebung, was auch die gro\u00dfe Zahl der zufiedenen Kunden beweist.<br \/>\n<\/span><\/p>\n<\/div><div class=\"fusion-clearfix\"><\/div><\/div><\/div><div class=\"fusion-layout-column fusion_builder_column fusion-builder-column-1 fusion_builder_column_1_1 1_1 fusion-one-full fusion-column-first fusion-column-last\" style=\"--awb-bg-size:cover;--awb-margin-top:0px;--awb-margin-bottom:0px;\"><div class=\"fusion-column-wrapper fusion-flex-column-wrapper-legacy\"><div class=\"fusion-column-content-centered\"><div class=\"fusion-column-content\"><div class=\"fusion-section-separator section-separator slant fusion-section-separator-1\" style=\"--awb-spacer-height:99px;--awb-svg-margin-left:0;--awb-svg-margin-right:0;--awb-divider-height:99px;--awb-spacer-padding-top:inherit;--awb-sep-padding:0;--awb-svg-padding:0;--awb-svg-tag-margin-bottom:-3px;--awb-sep-svg-display:block;\"><div class=\"fusion-section-separator-svg\"><svg class=\"fusion-slant-candy\" xmlns=\"http:\/\/www.w3.org\/2000\/svg\" version=\"1.1\" width=\"100%\" height=\"100\" viewBox=\"0 0 100 100\" preserveAspectRatio=\"none\" fill=\"rgba(51,54,69,1)\"><path d=\"M0 0 L0 100 L100 100 Z\"><\/path><\/svg><\/div><div class=\"fusion-section-separator-spacer\"><div class=\"fusion-section-separator-spacer-height\"><\/div><\/div><\/div><\/div><\/div><div class=\"fusion-clearfix\"><\/div><\/div><\/div><\/div><\/div><div class=\"fusion-fullwidth fullwidth-box fusion-builder-row-2 nonhundred-percent-fullwidth non-hundred-percent-height-scrolling\" style=\"--awb-background-position:center bottom;--awb-border-radius-top-left:0px;--awb-border-radius-top-right:0px;--awb-border-radius-bottom-right:0px;--awb-border-radius-bottom-left:0px;--awb-padding-top:40px;--awb-padding-bottom:70px;--awb-flex-wrap:wrap;\" ><div class=\"fusion-builder-row fusion-row\"><div class=\"fusion-layout-column fusion_builder_column fusion-builder-column-2 fusion_builder_column_1_1 1_1 fusion-one-full fusion-column-first fusion-column-last\" style=\"--awb-bg-size:cover;--awb-margin-top:20px;\"><div class=\"fusion-column-wrapper fusion-flex-column-wrapper-legacy\"><div class=\"fusion-title title fusion-title-2 fusion-sep-none fusion-title-center fusion-title-text fusion-title-size-two\" style=\"--awb-margin-top:0px;\"><h2 class=\"fusion-title-heading title-heading-center fusion-responsive-typography-calculated\" style=\"margin:0;--fontSize:40;line-height:1.05;\"><span style=\"color: #ffffff;\">Pulverbeschichtung in unserer Firma <\/span><\/h2><\/div><div class=\"fusion-sep-clear\"><\/div><div class=\"fusion-separator\" style=\"margin-left: auto;margin-right: auto;margin-top:16px;margin-bottom:36px;width:100%;max-width:24%;\"><div class=\"fusion-separator-border sep-single\" style=\"--awb-height:20px;--awb-amount:20px;border-color:#5e6276;border-top-width:2px;\"><\/div><\/div><div class=\"fusion-sep-clear\"><\/div><div class=\"fusion-text fusion-text-2\"><p style=\"text-align: center;\">Pulverbeschichtung von Regalen, M\u00f6beln, Felgen, gro\u00dferen und kleineren Fl\u00e4chen. Wir besch\u00e4ftigen uns auch mit der Vorbereitung f\u00fcr Pulverbeschichtung wie z.B. Entfettung und Phosphatierung von Metallfl\u00e4chen, Auftragung der epoxiden Korrosionschutzschicht und Polyesterschicht.<\/p>\n<\/div><div class=\"fusion-sep-clear\"><\/div><div class=\"fusion-separator\" style=\"margin-left: auto;margin-right: auto;margin-bottom:20px;width:100%;max-width:24%;\"><\/div><div class=\"fusion-sep-clear\"><\/div><div class=\"fusion-text fusion-text-3\"><div id=\"jig1\" class=\"justified-image-grid jig-d0473f2720422720bdd258998403bb66 jig-preset-global jig-source-nextgen\"><div class=\"jig-clearfix\"><\/div><noscript id=\"jig1-html\" class=\"justified-image-grid-html\" data-lazy-src=\"skiplazyload\" data-src=\"skipunveillazyload\"><ul><li><a href=\"https:\/\/www.aptobradametala.com\/wp-content\/gallery\/plastifikacija-metala\/IMG-3c449f2db46266b1bc9c7f0a68f86c99-V.jpg\"><img decoding=\"async\" src=\"https:\/\/www.aptobradametala.com\/wp-content\/plugins\/justified-image-grid\/timthumb.php?src=https%3A%2F%2Fwww.aptobradametala.com%2Fwp-content%2Fgallery%2Fplastifikacija-metala%2FIMG-3c449f2db46266b1bc9c7f0a68f86c99-V.jpg&amp;h=260&amp;q=90&amp;f=.jpg\" alt=\"\" width=\"462\" height=\"260\" \/><\/a><\/li><li><a href=\"https:\/\/www.aptobradametala.com\/wp-content\/gallery\/plastifikacija-metala\/IMG-74ad934b46672a3879cf7af703c99142-V.jpg\"><img decoding=\"async\" src=\"https:\/\/www.aptobradametala.com\/wp-content\/plugins\/justified-image-grid\/timthumb.php?src=https%3A%2F%2Fwww.aptobradametala.com%2Fwp-content%2Fgallery%2Fplastifikacija-metala%2FIMG-74ad934b46672a3879cf7af703c99142-V.jpg&amp;h=260&amp;q=90&amp;f=.jpg\" alt=\"\" width=\"146\" height=\"260\" \/><\/a><\/li><li><a href=\"https:\/\/www.aptobradametala.com\/wp-content\/gallery\/plastifikacija-metala\/IMG-b1e5bcff167097f23b5278929e9c9671-V.jpg\"><img decoding=\"async\" src=\"https:\/\/www.aptobradametala.com\/wp-content\/plugins\/justified-image-grid\/timthumb.php?src=https%3A%2F%2Fwww.aptobradametala.com%2Fwp-content%2Fgallery%2Fplastifikacija-metala%2FIMG-b1e5bcff167097f23b5278929e9c9671-V.jpg&amp;h=260&amp;q=90&amp;f=.jpg\" alt=\"\" width=\"146\" height=\"260\" \/><\/a><\/li><li><a href=\"https:\/\/www.aptobradametala.com\/wp-content\/gallery\/plastifikacija-metala\/IMG-b0cc72315edc712d142bea1491d6fdbc-V.jpg\"><img decoding=\"async\" src=\"https:\/\/www.aptobradametala.com\/wp-content\/plugins\/justified-image-grid\/timthumb.php?src=https%3A%2F%2Fwww.aptobradametala.com%2Fwp-content%2Fgallery%2Fplastifikacija-metala%2FIMG-b0cc72315edc712d142bea1491d6fdbc-V.jpg&amp;h=260&amp;q=90&amp;f=.jpg\" alt=\"\" width=\"346\" height=\"260\" \/><\/a><\/li><li><a href=\"https:\/\/www.aptobradametala.com\/wp-content\/gallery\/plastifikacija-metala\/IMG-1e447b2b70c9ebcd8f0701b29a3463a6-V.jpg\"><img decoding=\"async\" src=\"https:\/\/www.aptobradametala.com\/wp-content\/plugins\/justified-image-grid\/timthumb.php?src=https%3A%2F%2Fwww.aptobradametala.com%2Fwp-content%2Fgallery%2Fplastifikacija-metala%2FIMG-1e447b2b70c9ebcd8f0701b29a3463a6-V.jpg&amp;h=260&amp;q=90&amp;f=.jpg\" alt=\"\" width=\"462\" height=\"260\" \/><\/a><\/li><li><a href=\"https:\/\/www.aptobradametala.com\/wp-content\/gallery\/plastifikacija-metala\/IMG-df0b86f271a4bffa99bdbfa2fc02149c-V.jpg\"><img decoding=\"async\" src=\"https:\/\/www.aptobradametala.com\/wp-content\/plugins\/justified-image-grid\/timthumb.php?src=https%3A%2F%2Fwww.aptobradametala.com%2Fwp-content%2Fgallery%2Fplastifikacija-metala%2FIMG-df0b86f271a4bffa99bdbfa2fc02149c-V.jpg&amp;h=260&amp;q=90&amp;f=.jpg\" alt=\"\" width=\"462\" height=\"260\" \/><\/a><\/li><li><a href=\"https:\/\/www.aptobradametala.com\/wp-content\/gallery\/plastifikacija-metala\/20170202_110524.jpg\" title=\"20170202_110524\"><img decoding=\"async\" src=\"https:\/\/www.aptobradametala.com\/wp-content\/plugins\/justified-image-grid\/timthumb.php?src=https%3A%2F%2Fwww.aptobradametala.com%2Fwp-content%2Fgallery%2Fplastifikacija-metala%2F20170202_110524.jpg&amp;h=260&amp;q=90&amp;f=.jpg\" alt=\"20170202_110524\" width=\"462\" height=\"260\" \/><\/a><p class=\"jig-HTMLdescription\">20170202_110524<\/p><\/li><li><a href=\"https:\/\/www.aptobradametala.com\/wp-content\/gallery\/plastifikacija-metala\/20171016_113342.jpg\" title=\"20171016_113342\"><img decoding=\"async\" src=\"https:\/\/www.aptobradametala.com\/wp-content\/plugins\/justified-image-grid\/timthumb.php?src=https%3A%2F%2Fwww.aptobradametala.com%2Fwp-content%2Fgallery%2Fplastifikacija-metala%2F20171016_113342.jpg&amp;h=260&amp;q=90&amp;f=.jpg\" alt=\"20171016_113342\" width=\"195\" height=\"260\" \/><\/a><p class=\"jig-HTMLdescription\">20171016_113342<\/p><\/li><li><a href=\"https:\/\/www.aptobradametala.com\/wp-content\/gallery\/plastifikacija-metala\/15578918_899042336865465_868671482726803435_n.jpg\" title=\"15578918_899042336865465_868671482726803435_n\"><img decoding=\"async\" src=\"https:\/\/www.aptobradametala.com\/wp-content\/plugins\/justified-image-grid\/timthumb.php?src=https%3A%2F%2Fwww.aptobradametala.com%2Fwp-content%2Fgallery%2Fplastifikacija-metala%2F15578918_899042336865465_868671482726803435_n.jpg&amp;h=260&amp;q=90&amp;f=.jpg\" alt=\"15578918_899042336865465_868671482726803435_n\" width=\"462\" height=\"260\" \/><\/a><p class=\"jig-HTMLdescription\">15578918_899042336865465_868671482726803435_n<\/p><\/li><li><a href=\"https:\/\/www.aptobradametala.com\/wp-content\/gallery\/plastifikacija-metala\/370196117_296105173194788_7799076846424566711_n.jpg\" title=\"370196117_296105173194788_7799076846424566711_n\"><img decoding=\"async\" src=\"https:\/\/www.aptobradametala.com\/wp-content\/plugins\/justified-image-grid\/timthumb.php?src=https%3A%2F%2Fwww.aptobradametala.com%2Fwp-content%2Fgallery%2Fplastifikacija-metala%2F370196117_296105173194788_7799076846424566711_n.jpg&amp;h=260&amp;q=90&amp;f=.jpg\" alt=\"370196117_296105173194788_7799076846424566711_n\" width=\"195\" height=\"260\" \/><\/a><p class=\"jig-HTMLdescription\">370196117_296105173194788_7799076846424566711_n<\/p><\/li><li><a href=\"https:\/\/www.aptobradametala.com\/wp-content\/gallery\/plastifikacija-metala\/20180724_134649.jpg\" title=\"20180724_134649\"><img decoding=\"async\" src=\"https:\/\/www.aptobradametala.com\/wp-content\/plugins\/justified-image-grid\/timthumb.php?src=https%3A%2F%2Fwww.aptobradametala.com%2Fwp-content%2Fgallery%2Fplastifikacija-metala%2F20180724_134649.jpg&amp;h=260&amp;q=90&amp;f=.jpg\" alt=\"20180724_134649\" width=\"195\" height=\"260\" \/><\/a><p class=\"jig-HTMLdescription\">20180724_134649<\/p><\/li><li><a href=\"https:\/\/www.aptobradametala.com\/wp-content\/gallery\/plastifikacija-metala\/370307892_347982334446141_2098675728604048638_n.jpg\" title=\"370307892_347982334446141_2098675728604048638_n\"><img decoding=\"async\" src=\"https:\/\/www.aptobradametala.com\/wp-content\/plugins\/justified-image-grid\/timthumb.php?src=https%3A%2F%2Fwww.aptobradametala.com%2Fwp-content%2Fgallery%2Fplastifikacija-metala%2F370307892_347982334446141_2098675728604048638_n.jpg&amp;h=260&amp;q=90&amp;f=.jpg\" alt=\"370307892_347982334446141_2098675728604048638_n\" width=\"195\" height=\"260\" \/><\/a><p class=\"jig-HTMLdescription\">370307892_347982334446141_2098675728604048638_n<\/p><\/li><li><a href=\"https:\/\/www.aptobradametala.com\/wp-content\/gallery\/plastifikacija-metala\/386830511_983832036031464_788562620897888116_n.jpg\" title=\"386830511_983832036031464_788562620897888116_n\"><img decoding=\"async\" src=\"https:\/\/www.aptobradametala.com\/wp-content\/plugins\/justified-image-grid\/timthumb.php?src=https%3A%2F%2Fwww.aptobradametala.com%2Fwp-content%2Fgallery%2Fplastifikacija-metala%2F386830511_983832036031464_788562620897888116_n.jpg&amp;h=260&amp;q=90&amp;f=.jpg\" alt=\"386830511_983832036031464_788562620897888116_n\" width=\"146\" height=\"260\" \/><\/a><p class=\"jig-HTMLdescription\">386830511_983832036031464_788562620897888116_n<\/p><\/li><\/ul><\/noscript><\/div>\n<\/div><div class=\"fusion-sep-clear\"><\/div><div class=\"fusion-separator fusion-full-width-sep\" style=\"margin-left: auto;margin-right: auto;margin-top:10px;margin-bottom:10px;width:100%;\"><\/div><div class=\"fusion-sep-clear\"><\/div><div class=\"fusion-clearfix\"><\/div><\/div><\/div><div class=\"fusion-layout-column fusion_builder_column fusion-builder-column-3 fusion_builder_column_1_6 1_6 fusion-one-sixth fusion-column-first\" style=\"--awb-bg-size:cover;width:16.666666666667%;width:calc(16.666666666667% - ( ( 4% + 4% ) * 0.16666666666667 ) );margin-right: 4%;\"><div class=\"fusion-column-wrapper fusion-flex-column-wrapper-legacy\"><div class=\"fusion-clearfix\"><\/div><\/div><\/div><div class=\"fusion-layout-column fusion_builder_column fusion-builder-column-4 fusion_builder_column_2_3 2_3 fusion-two-third\" style=\"--awb-bg-size:cover;width:66.666666666667%;width:calc(66.666666666667% - ( ( 4% + 4% ) * 0.66666666666667 ) );margin-right: 4%;\"><div class=\"fusion-column-wrapper fusion-flex-column-wrapper-legacy\"><div class=\"fusion-align-block\"><a class=\"fusion-button button-flat button-large button-default fusion-button-default button-1 fusion-button-span-yes fusion-button-default-type\" target=\"_self\" href=\"tel:+38162762820\"><span class=\"fusion-button-text\">F\u00fcr weitere Informationen zur Pulverbeschichtung, rufen Sie uns an<\/span><\/a><\/div><div class=\"fusion-clearfix\"><\/div><\/div><\/div><div class=\"fusion-layout-column fusion_builder_column fusion-builder-column-5 fusion_builder_column_1_6 1_6 fusion-one-sixth fusion-column-last\" style=\"--awb-bg-size:cover;width:16.666666666667%;width:calc(16.666666666667% - ( ( 4% + 4% ) * 0.16666666666667 ) );\"><div class=\"fusion-column-wrapper fusion-flex-column-wrapper-legacy\"><div class=\"fusion-clearfix\"><\/div><\/div><\/div><\/div><\/div><\/p>\n","protected":false},"excerpt":{"rendered":"","protected":false},"author":1,"featured_media":0,"parent":0,"menu_order":0,"comment_status":"closed","ping_status":"closed","template":"100-width.php","meta":{"ngg_post_thumbnail":0,"footnotes":""},"class_list":["post-2304","page","type-page","status-publish","hentry"],"yoast_head":"<!-- This site is optimized with the Yoast SEO plugin v23.0 - https:\/\/yoast.com\/wordpress\/plugins\/seo\/ -->\n<title>Pulverbeschichtung - Prerada i zavr\u0161na obrada metala<\/title>\n<meta name=\"robots\" content=\"index, follow, max-snippet:-1, max-image-preview:large, max-video-preview:-1\" \/>\n<link rel=\"canonical\" href=\"https:\/\/www.aptobradametala.com\/de\/pulverbeschichtung\/\" \/>\n<meta property=\"og:locale\" content=\"de_DE\" \/>\n<meta property=\"og:type\" content=\"article\" \/>\n<meta property=\"og:title\" content=\"Pulverbeschichtung - Prerada i zavr\u0161na obrada metala\" \/>\n<meta property=\"og:url\" content=\"https:\/\/www.aptobradametala.com\/de\/pulverbeschichtung\/\" \/>\n<meta property=\"og:site_name\" content=\"Prerada i zavr\u0161na obrada metala\" \/>\n<meta property=\"article:modified_time\" content=\"2018-10-01T10:43:35+00:00\" \/>\n<meta name=\"twitter:card\" content=\"summary_large_image\" \/>\n<meta name=\"twitter:label1\" content=\"Gesch\u00e4tzte Lesezeit\" \/>\n\t<meta name=\"twitter:data1\" content=\"6\u00a0Minuten\" \/>\n<script type=\"application\/ld+json\" class=\"yoast-schema-graph\">{\"@context\":\"https:\/\/schema.org\",\"@graph\":[{\"@type\":\"WebPage\",\"@id\":\"https:\/\/www.aptobradametala.com\/de\/pulverbeschichtung\/\",\"url\":\"https:\/\/www.aptobradametala.com\/de\/pulverbeschichtung\/\",\"name\":\"Pulverbeschichtung - Prerada i zavr\u0161na obrada metala\",\"isPartOf\":{\"@id\":\"https:\/\/www.aptobradametala.com\/#website\"},\"datePublished\":\"2018-09-10T09:06:43+00:00\",\"dateModified\":\"2018-10-01T10:43:35+00:00\",\"breadcrumb\":{\"@id\":\"https:\/\/www.aptobradametala.com\/de\/pulverbeschichtung\/#breadcrumb\"},\"inLanguage\":\"de\",\"potentialAction\":[{\"@type\":\"ReadAction\",\"target\":[\"https:\/\/www.aptobradametala.com\/de\/pulverbeschichtung\/\"]}]},{\"@type\":\"BreadcrumbList\",\"@id\":\"https:\/\/www.aptobradametala.com\/de\/pulverbeschichtung\/#breadcrumb\",\"itemListElement\":[{\"@type\":\"ListItem\",\"position\":1,\"name\":\"\u041f\u043e\u0447\u0435\u0442\u043d\u0430\",\"item\":\"https:\/\/www.aptobradametala.com\/de\/\"},{\"@type\":\"ListItem\",\"position\":2,\"name\":\"Pulverbeschichtung\"}]},{\"@type\":\"WebSite\",\"@id\":\"https:\/\/www.aptobradametala.com\/#website\",\"url\":\"https:\/\/www.aptobradametala.com\/\",\"name\":\"Prerada i zavr\u0161na obrada metala\",\"description\":\"Plastifikacija metala, uslu\u017eno probijanje na CNC probija\u010du, izrada polica za supermarket\",\"potentialAction\":[{\"@type\":\"SearchAction\",\"target\":{\"@type\":\"EntryPoint\",\"urlTemplate\":\"https:\/\/www.aptobradametala.com\/?s={search_term_string}\"},\"query-input\":\"required name=search_term_string\"}],\"inLanguage\":\"de\"}]}<\/script>\n<!-- \/ Yoast SEO plugin. -->","yoast_head_json":{"title":"Pulverbeschichtung - Prerada i zavr\u0161na obrada metala","robots":{"index":"index","follow":"follow","max-snippet":"max-snippet:-1","max-image-preview":"max-image-preview:large","max-video-preview":"max-video-preview:-1"},"canonical":"https:\/\/www.aptobradametala.com\/de\/pulverbeschichtung\/","og_locale":"de_DE","og_type":"article","og_title":"Pulverbeschichtung - Prerada i zavr\u0161na obrada metala","og_url":"https:\/\/www.aptobradametala.com\/de\/pulverbeschichtung\/","og_site_name":"Prerada i zavr\u0161na obrada metala","article_modified_time":"2018-10-01T10:43:35+00:00","twitter_card":"summary_large_image","twitter_misc":{"Gesch\u00e4tzte Lesezeit":"6\u00a0Minuten"},"schema":{"@context":"https:\/\/schema.org","@graph":[{"@type":"WebPage","@id":"https:\/\/www.aptobradametala.com\/de\/pulverbeschichtung\/","url":"https:\/\/www.aptobradametala.com\/de\/pulverbeschichtung\/","name":"Pulverbeschichtung - Prerada i zavr\u0161na obrada metala","isPartOf":{"@id":"https:\/\/www.aptobradametala.com\/#website"},"datePublished":"2018-09-10T09:06:43+00:00","dateModified":"2018-10-01T10:43:35+00:00","breadcrumb":{"@id":"https:\/\/www.aptobradametala.com\/de\/pulverbeschichtung\/#breadcrumb"},"inLanguage":"de","potentialAction":[{"@type":"ReadAction","target":["https:\/\/www.aptobradametala.com\/de\/pulverbeschichtung\/"]}]},{"@type":"BreadcrumbList","@id":"https:\/\/www.aptobradametala.com\/de\/pulverbeschichtung\/#breadcrumb","itemListElement":[{"@type":"ListItem","position":1,"name":"\u041f\u043e\u0447\u0435\u0442\u043d\u0430","item":"https:\/\/www.aptobradametala.com\/de\/"},{"@type":"ListItem","position":2,"name":"Pulverbeschichtung"}]},{"@type":"WebSite","@id":"https:\/\/www.aptobradametala.com\/#website","url":"https:\/\/www.aptobradametala.com\/","name":"Prerada i zavr\u0161na obrada metala","description":"Plastifikacija metala, uslu\u017eno probijanje na CNC probija\u010du, izrada polica za supermarket","potentialAction":[{"@type":"SearchAction","target":{"@type":"EntryPoint","urlTemplate":"https:\/\/www.aptobradametala.com\/?s={search_term_string}"},"query-input":"required name=search_term_string"}],"inLanguage":"de"}]}},"_links":{"self":[{"href":"https:\/\/www.aptobradametala.com\/de\/wp-json\/wp\/v2\/pages\/2304"}],"collection":[{"href":"https:\/\/www.aptobradametala.com\/de\/wp-json\/wp\/v2\/pages"}],"about":[{"href":"https:\/\/www.aptobradametala.com\/de\/wp-json\/wp\/v2\/types\/page"}],"author":[{"embeddable":true,"href":"https:\/\/www.aptobradametala.com\/de\/wp-json\/wp\/v2\/users\/1"}],"replies":[{"embeddable":true,"href":"https:\/\/www.aptobradametala.com\/de\/wp-json\/wp\/v2\/comments?post=2304"}],"version-history":[{"count":0,"href":"https:\/\/www.aptobradametala.com\/de\/wp-json\/wp\/v2\/pages\/2304\/revisions"}],"wp:attachment":[{"href":"https:\/\/www.aptobradametala.com\/de\/wp-json\/wp\/v2\/media?parent=2304"}],"curies":[{"name":"wp","href":"https:\/\/api.w.org\/{rel}","templated":true}]}}