{"id":2301,"date":"2018-09-10T11:09:08","date_gmt":"2018-09-10T09:09:08","guid":{"rendered":"http:\/\/www.aptobradametala.com\/usluzno-probijanje-cnc-probijacicom\/"},"modified":"2018-10-01T12:49:23","modified_gmt":"2018-10-01T10:49:23","slug":"durchloecherungsservice-mit-cnc-maschine","status":"publish","type":"page","link":"https:\/\/www.aptobradametala.com\/de\/durchloecherungsservice-mit-cnc-maschine\/","title":{"rendered":"Durchl\u00f6cherungsservice mit CNC-Maschine"},"content":{"rendered":"<p><div class=\"fusion-fullwidth fullwidth-box fusion-builder-row-1 fusion-parallax-none nonhundred-percent-fullwidth non-hundred-percent-height-scrolling\" style=\"--awb-border-radius-top-left:0px;--awb-border-radius-top-right:0px;--awb-border-radius-bottom-right:0px;--awb-border-radius-bottom-left:0px;--awb-padding-top:45px;--awb-background-color:#eeeeee;--awb-background-image:url(&quot;http:\/\/www.aptobradametala.com\/wp-content\/uploads\/2018\/09\/plastifikacija-metala-beograd-1.jpg&quot;);--awb-background-size:cover;--awb-flex-wrap:wrap;\" ><div class=\"fusion-builder-row fusion-row\"><div class=\"fusion-layout-column fusion_builder_column fusion-builder-column-0 fusion_builder_column_1_1 1_1 fusion-one-full fusion-column-first fusion-column-last fusion-animated\" style=\"--awb-bg-size:cover;--awb-margin-top:35px;--awb-margin-bottom:10px;\" data-animationType=\"zoomIn\" data-animationDuration=\"0.9\" data-animationOffset=\"top-into-view\"><div class=\"fusion-column-wrapper fusion-flex-column-wrapper-legacy\"><div class=\"fusion-title title fusion-title-1 fusion-sep-none fusion-title-center fusion-title-text fusion-title-size-one\"><h1 class=\"fusion-title-heading title-heading-center fusion-responsive-typography-calculated\" style=\"margin:0;--fontSize:48;line-height:1.05;\"><span style=\"color: #333645;\">Durchl\u00f6cherungsservice mit CNC-Maschine<br \/>\n<\/span><\/h1><\/div><div class=\"fusion-sep-clear\"><\/div><div class=\"fusion-separator\" style=\"margin-left: auto;margin-right: auto;margin-top:16px;margin-bottom:36px;width:100%;max-width:24%;\"><div class=\"fusion-separator-border sep-single\" style=\"--awb-height:20px;--awb-amount:20px;border-color:#5e6276;border-top-width:2px;\"><\/div><\/div><div class=\"fusion-sep-clear\"><\/div><div class=\"fusion-text fusion-text-1\"><p><span style=\"color: #000000;\">Wir arbeiten mit der CNC-Maschine des Herstellers Muratek Wiederman, die uns folgende M\u00f6glichkeiten bei der Blechbearbeitung bietet.<\/span><\/p>\n<ul>\n<li><span style=\"color: #000000;\">Durchl\u00f6cherung des Blechs von 0,5 bis 6 Millimeter Dicke<\/span><\/li>\n<li><span style=\"color: #000000;\">Durchl\u00f6cherung von runden Gegenst\u00e4nden aller Art <\/span><\/li>\n<li><span style=\"color: #000000;\">Durchl\u00f6cherung von quadratf\u00f6rmigen und rechteckf\u00f6rmigen Gegenst\u00e4nden<\/span><\/li>\n<li><span style=\"color: #000000;\">Durchl\u00f6cherung mit speziellen Werkzeug, durch den wir verschiedene L\u00f6cher am Blech bekommen k\u00f6nnen<\/span><\/li>\n<\/ul>\n<\/div><div class=\"fusion-clearfix\"><\/div><\/div><\/div><div class=\"fusion-layout-column fusion_builder_column fusion-builder-column-1 fusion_builder_column_1_1 1_1 fusion-one-full fusion-column-first fusion-column-last\" style=\"--awb-bg-size:cover;--awb-margin-top:0px;--awb-margin-bottom:0px;\"><div class=\"fusion-column-wrapper fusion-flex-column-wrapper-legacy\"><div class=\"fusion-column-content-centered\"><div class=\"fusion-column-content\"><div class=\"fusion-section-separator section-separator slant fusion-section-separator-1\" style=\"--awb-spacer-height:99px;--awb-svg-margin-left:0;--awb-svg-margin-right:0;--awb-divider-height:99px;--awb-spacer-padding-top:inherit;--awb-sep-padding:0;--awb-svg-padding:0;--awb-svg-tag-margin-bottom:-3px;--awb-sep-svg-display:block;\"><div class=\"fusion-section-separator-svg\"><svg class=\"fusion-slant-candy\" xmlns=\"http:\/\/www.w3.org\/2000\/svg\" version=\"1.1\" width=\"100%\" height=\"100\" viewBox=\"0 0 100 100\" preserveAspectRatio=\"none\" fill=\"rgba(51,54,69,1)\"><path d=\"M0 0 L0 100 L100 100 Z\"><\/path><\/svg><\/div><div class=\"fusion-section-separator-spacer\"><div class=\"fusion-section-separator-spacer-height\"><\/div><\/div><\/div><\/div><\/div><div class=\"fusion-clearfix\"><\/div><\/div><\/div><\/div><\/div><div class=\"fusion-fullwidth fullwidth-box fusion-builder-row-2 nonhundred-percent-fullwidth non-hundred-percent-height-scrolling\" style=\"--awb-background-position:center bottom;--awb-border-radius-top-left:0px;--awb-border-radius-top-right:0px;--awb-border-radius-bottom-right:0px;--awb-border-radius-bottom-left:0px;--awb-padding-top:40px;--awb-padding-bottom:70px;--awb-flex-wrap:wrap;\" ><div class=\"fusion-builder-row fusion-row\"><div class=\"fusion-layout-column fusion_builder_column fusion-builder-column-2 fusion_builder_column_1_1 1_1 fusion-one-full fusion-column-first fusion-column-last\" style=\"--awb-bg-size:cover;--awb-margin-top:20px;\"><div class=\"fusion-column-wrapper fusion-flex-column-wrapper-legacy\"><div class=\"fusion-title title fusion-title-2 fusion-sep-none fusion-title-center fusion-title-text fusion-title-size-three\" style=\"--awb-margin-top:0px;\"><h3 class=\"fusion-title-heading title-heading-center fusion-responsive-typography-calculated\" style=\"margin:0;--fontSize:26;line-height:1.15;\"><span style=\"color: #ffffff;\">Alle L\u00f6cher kann man an allen Blecharten bekommen \u2013 Walzblech, Feinblech, Inox, Aluminium u.a.<\/span><\/h3><\/div><div class=\"fusion-sep-clear\"><\/div><div class=\"fusion-separator\" style=\"margin-left: auto;margin-right: auto;margin-top:16px;margin-bottom:36px;width:100%;max-width:24%;\"><div class=\"fusion-separator-border sep-single\" style=\"--awb-height:20px;--awb-amount:20px;border-color:#5e6276;border-top-width:2px;\"><\/div><\/div><div class=\"fusion-sep-clear\"><\/div><div class=\"fusion-text fusion-text-2\"><p style=\"text-align: center;\">Wir besch\u00e4ftigen uns auch mit der Blechfaltung durch Abkantpresse Amada Promecam, wie auch mit Zusammenschwei\u00dfung und Stanzen an Excentarpressen.<\/p>\n<\/div><div class=\"fusion-sep-clear\"><\/div><div class=\"fusion-separator\" style=\"margin-left: auto;margin-right: auto;margin-bottom:20px;width:100%;max-width:24%;\"><\/div><div class=\"fusion-sep-clear\"><\/div><div class=\"fusion-text fusion-text-3\"><div id=\"jig1\" class=\"justified-image-grid jig-35a124dd7493520b36e8fac20f55b30d jig-preset-global jig-source-nextgen\"><div class=\"jig-clearfix\"><\/div><noscript id=\"jig1-html\" class=\"justified-image-grid-html\" data-lazy-src=\"skiplazyload\" data-src=\"skipunveillazyload\"><ul><li><a href=\"https:\/\/www.aptobradametala.com\/wp-content\/gallery\/probijanje\/20180718_183854.jpg\" title=\"20180718_183854\"><img decoding=\"async\" src=\"https:\/\/www.aptobradametala.com\/wp-content\/plugins\/justified-image-grid\/timthumb.php?src=https%3A%2F%2Fwww.aptobradametala.com%2Fwp-content%2Fgallery%2Fprobijanje%2F20180718_183854.jpg&amp;h=260&amp;q=90&amp;f=.jpg\" alt=\"20180718_183854\" width=\"126\" height=\"260\" \/><\/a><p class=\"jig-HTMLdescription\">20180718_183854<\/p><\/li><li><a href=\"https:\/\/www.aptobradametala.com\/wp-content\/gallery\/probijanje\/62FDECD4-FC3A-41AE-8DD6-1B753DD9B0BD.JPG\"><img decoding=\"async\" src=\"https:\/\/www.aptobradametala.com\/wp-content\/plugins\/justified-image-grid\/timthumb.php?src=https%3A%2F%2Fwww.aptobradametala.com%2Fwp-content%2Fgallery%2Fprobijanje%2F62FDECD4-FC3A-41AE-8DD6-1B753DD9B0BD.JPG&amp;h=260&amp;q=90&amp;f=.JPG\" alt=\"\" width=\"208\" height=\"260\" \/><\/a><\/li><li><a href=\"https:\/\/www.aptobradametala.com\/wp-content\/gallery\/probijanje\/20190108_131822.jpg\" title=\"20190108_131822\"><img decoding=\"async\" src=\"https:\/\/www.aptobradametala.com\/wp-content\/plugins\/justified-image-grid\/timthumb.php?src=https%3A%2F%2Fwww.aptobradametala.com%2Fwp-content%2Fgallery%2Fprobijanje%2F20190108_131822.jpg&amp;h=260&amp;q=90&amp;f=.jpg\" alt=\"20190108_131822\" width=\"126\" height=\"260\" \/><\/a><p class=\"jig-HTMLdescription\">20190108_131822<\/p><\/li><li><a href=\"https:\/\/www.aptobradametala.com\/wp-content\/gallery\/probijanje\/20190108_131856.jpg\" title=\"20190108_131856\"><img decoding=\"async\" src=\"https:\/\/www.aptobradametala.com\/wp-content\/plugins\/justified-image-grid\/timthumb.php?src=https%3A%2F%2Fwww.aptobradametala.com%2Fwp-content%2Fgallery%2Fprobijanje%2F20190108_131856.jpg&amp;h=260&amp;q=90&amp;f=.jpg\" alt=\"20190108_131856\" width=\"126\" height=\"260\" \/><\/a><p class=\"jig-HTMLdescription\">20190108_131856<\/p><\/li><li><a href=\"https:\/\/www.aptobradametala.com\/wp-content\/gallery\/probijanje\/20190108_132021.jpg\" title=\"20190108_132021\"><img decoding=\"async\" src=\"https:\/\/www.aptobradametala.com\/wp-content\/plugins\/justified-image-grid\/timthumb.php?src=https%3A%2F%2Fwww.aptobradametala.com%2Fwp-content%2Fgallery%2Fprobijanje%2F20190108_132021.jpg&amp;h=260&amp;q=90&amp;f=.jpg\" alt=\"20190108_132021\" width=\"534\" height=\"260\" \/><\/a><p class=\"jig-HTMLdescription\">20190108_132021<\/p><\/li><li><a href=\"https:\/\/www.aptobradametala.com\/wp-content\/gallery\/probijanje\/20190108_132237.jpg\" title=\"20190108_132237\"><img decoding=\"async\" src=\"https:\/\/www.aptobradametala.com\/wp-content\/plugins\/justified-image-grid\/timthumb.php?src=https%3A%2F%2Fwww.aptobradametala.com%2Fwp-content%2Fgallery%2Fprobijanje%2F20190108_132237.jpg&amp;h=260&amp;q=90&amp;f=.jpg\" alt=\"20190108_132237\" width=\"534\" height=\"260\" \/><\/a><p class=\"jig-HTMLdescription\">20190108_132237<\/p><\/li><li><a href=\"https:\/\/www.aptobradametala.com\/wp-content\/gallery\/probijanje\/IMG-1912.jpg\"><img decoding=\"async\" src=\"https:\/\/www.aptobradametala.com\/wp-content\/plugins\/justified-image-grid\/timthumb.php?src=https%3A%2F%2Fwww.aptobradametala.com%2Fwp-content%2Fgallery%2Fprobijanje%2FIMG-1912.jpg&amp;h=260&amp;q=90&amp;f=.jpg\" alt=\"\" width=\"195\" height=\"260\" \/><\/a><\/li><li><a href=\"https:\/\/www.aptobradametala.com\/wp-content\/gallery\/probijanje\/20180809_120220.jpg\" title=\"20180809_120220\"><img decoding=\"async\" src=\"https:\/\/www.aptobradametala.com\/wp-content\/plugins\/justified-image-grid\/timthumb.php?src=https%3A%2F%2Fwww.aptobradametala.com%2Fwp-content%2Fgallery%2Fprobijanje%2F20180809_120220.jpg&amp;h=260&amp;q=90&amp;f=.jpg\" alt=\"20180809_120220\" width=\"195\" height=\"260\" \/><\/a><p class=\"jig-HTMLdescription\">20180809_120220<\/p><\/li><li><a href=\"https:\/\/www.aptobradametala.com\/wp-content\/gallery\/probijanje\/IMG-75b9dd395b0b161ece1950a963032264-V.jpg\"><img decoding=\"async\" src=\"https:\/\/www.aptobradametala.com\/wp-content\/plugins\/justified-image-grid\/timthumb.php?src=https%3A%2F%2Fwww.aptobradametala.com%2Fwp-content%2Fgallery%2Fprobijanje%2FIMG-75b9dd395b0b161ece1950a963032264-V.jpg&amp;h=260&amp;q=90&amp;f=.jpg\" alt=\"\" width=\"195\" height=\"260\" \/><\/a><\/li><li><a href=\"https:\/\/www.aptobradametala.com\/wp-content\/gallery\/probijanje\/IMG-ff6f1604bcb0cf0e5cb306ca89941315-V.jpg\"><img decoding=\"async\" src=\"https:\/\/www.aptobradametala.com\/wp-content\/plugins\/justified-image-grid\/timthumb.php?src=https%3A%2F%2Fwww.aptobradametala.com%2Fwp-content%2Fgallery%2Fprobijanje%2FIMG-ff6f1604bcb0cf0e5cb306ca89941315-V.jpg&amp;h=260&amp;q=90&amp;f=.jpg\" alt=\"\" width=\"195\" height=\"260\" \/><\/a><\/li><li><a href=\"https:\/\/www.aptobradametala.com\/wp-content\/gallery\/probijanje\/IMG-20190510-WA0006.jpg\"><img decoding=\"async\" src=\"https:\/\/www.aptobradametala.com\/wp-content\/plugins\/justified-image-grid\/timthumb.php?src=https%3A%2F%2Fwww.aptobradametala.com%2Fwp-content%2Fgallery%2Fprobijanje%2FIMG-20190510-WA0006.jpg&amp;h=260&amp;q=90&amp;f=.jpg\" alt=\"\" width=\"462\" height=\"260\" \/><\/a><\/li><li><a href=\"https:\/\/www.aptobradametala.com\/wp-content\/gallery\/probijanje\/IMG-20190620-WA0010.jpg\"><img decoding=\"async\" src=\"https:\/\/www.aptobradametala.com\/wp-content\/plugins\/justified-image-grid\/timthumb.php?src=https%3A%2F%2Fwww.aptobradametala.com%2Fwp-content%2Fgallery%2Fprobijanje%2FIMG-20190620-WA0010.jpg&amp;h=260&amp;q=90&amp;f=.jpg\" alt=\"\" width=\"455\" height=\"260\" \/><\/a><\/li><li><a href=\"https:\/\/www.aptobradametala.com\/wp-content\/gallery\/probijanje\/IMG-20190702-WA0005.jpg\"><img decoding=\"async\" src=\"https:\/\/www.aptobradametala.com\/wp-content\/plugins\/justified-image-grid\/timthumb.php?src=https%3A%2F%2Fwww.aptobradametala.com%2Fwp-content%2Fgallery%2Fprobijanje%2FIMG-20190702-WA0005.jpg&amp;h=260&amp;q=90&amp;f=.jpg\" alt=\"\" width=\"346\" height=\"260\" \/><\/a><\/li><li><a href=\"https:\/\/www.aptobradametala.com\/wp-content\/gallery\/probijanje\/IMG_20190312_172850.jpg\" title=\"IMG_20190312_172850\"><img decoding=\"async\" src=\"https:\/\/www.aptobradametala.com\/wp-content\/plugins\/justified-image-grid\/timthumb.php?src=https%3A%2F%2Fwww.aptobradametala.com%2Fwp-content%2Fgallery%2Fprobijanje%2FIMG_20190312_172850.jpg&amp;h=260&amp;q=90&amp;f=.jpg\" alt=\"IMG_20190312_172850\" width=\"195\" height=\"260\" \/><\/a><p class=\"jig-HTMLdescription\">IMG_20190312_172850<\/p><\/li><li><a href=\"https:\/\/www.aptobradametala.com\/wp-content\/gallery\/probijanje\/IMG-20190717-WA0059.jpg\"><img decoding=\"async\" src=\"https:\/\/www.aptobradametala.com\/wp-content\/plugins\/justified-image-grid\/timthumb.php?src=https%3A%2F%2Fwww.aptobradametala.com%2Fwp-content%2Fgallery%2Fprobijanje%2FIMG-20190717-WA0059.jpg&amp;h=260&amp;q=90&amp;f=.jpg\" alt=\"\" width=\"195\" height=\"260\" \/><\/a><\/li><\/ul><\/noscript><\/div>\n<\/div><div class=\"fusion-sep-clear\"><\/div><div class=\"fusion-separator fusion-full-width-sep\" style=\"margin-left: auto;margin-right: auto;margin-top:10px;margin-bottom:10px;width:100%;\"><\/div><div class=\"fusion-sep-clear\"><\/div><div class=\"fusion-clearfix\"><\/div><\/div><\/div><div class=\"fusion-layout-column fusion_builder_column fusion-builder-column-3 fusion_builder_column_1_6 1_6 fusion-one-sixth fusion-column-first\" style=\"--awb-bg-size:cover;width:16.666666666667%;width:calc(16.666666666667% - ( ( 4% + 4% ) * 0.16666666666667 ) );margin-right: 4%;\"><div class=\"fusion-column-wrapper fusion-flex-column-wrapper-legacy\"><div class=\"fusion-clearfix\"><\/div><\/div><\/div><div class=\"fusion-layout-column fusion_builder_column fusion-builder-column-4 fusion_builder_column_2_3 2_3 fusion-two-third\" style=\"--awb-bg-size:cover;width:66.666666666667%;width:calc(66.666666666667% - ( ( 4% + 4% ) * 0.66666666666667 ) );margin-right: 4%;\"><div class=\"fusion-column-wrapper fusion-flex-column-wrapper-legacy\"><div class=\"fusion-align-block\"><a class=\"fusion-button button-flat button-large button-default fusion-button-default button-1 fusion-button-span-yes fusion-button-default-type\" target=\"_self\" href=\"tel:+38162762820\"><span class=\"fusion-button-text\">F\u00fcr weitere Informationen rufen Sie uns an<\/span><\/a><\/div><div class=\"fusion-clearfix\"><\/div><\/div><\/div><div class=\"fusion-layout-column fusion_builder_column fusion-builder-column-5 fusion_builder_column_1_6 1_6 fusion-one-sixth fusion-column-last\" style=\"--awb-bg-size:cover;width:16.666666666667%;width:calc(16.666666666667% - ( ( 4% + 4% ) * 0.16666666666667 ) );\"><div class=\"fusion-column-wrapper fusion-flex-column-wrapper-legacy\"><div class=\"fusion-clearfix\"><\/div><\/div><\/div><\/div><\/div><\/p>\n","protected":false},"excerpt":{"rendered":"","protected":false},"author":1,"featured_media":0,"parent":0,"menu_order":0,"comment_status":"closed","ping_status":"closed","template":"100-width.php","meta":{"ngg_post_thumbnail":0,"footnotes":""},"class_list":["post-2301","page","type-page","status-publish","hentry"],"yoast_head":"<!-- This site is optimized with the Yoast SEO plugin v23.0 - https:\/\/yoast.com\/wordpress\/plugins\/seo\/ -->\n<title>Durchl\u00f6cherungsservice mit CNC-Maschine - Prerada i zavr\u0161na obrada metala<\/title>\n<meta name=\"robots\" content=\"index, follow, max-snippet:-1, max-image-preview:large, max-video-preview:-1\" \/>\n<link rel=\"canonical\" href=\"https:\/\/www.aptobradametala.com\/de\/durchloecherungsservice-mit-cnc-maschine\/\" \/>\n<meta property=\"og:locale\" content=\"de_DE\" \/>\n<meta property=\"og:type\" content=\"article\" \/>\n<meta property=\"og:title\" content=\"Durchl\u00f6cherungsservice mit CNC-Maschine - Prerada i zavr\u0161na obrada metala\" \/>\n<meta property=\"og:url\" content=\"https:\/\/www.aptobradametala.com\/de\/durchloecherungsservice-mit-cnc-maschine\/\" \/>\n<meta property=\"og:site_name\" content=\"Prerada i zavr\u0161na obrada metala\" \/>\n<meta property=\"article:modified_time\" content=\"2018-10-01T10:49:23+00:00\" \/>\n<meta name=\"twitter:card\" content=\"summary_large_image\" \/>\n<meta name=\"twitter:label1\" content=\"Gesch\u00e4tzte Lesezeit\" \/>\n\t<meta name=\"twitter:data1\" content=\"6\u00a0Minuten\" \/>\n<script type=\"application\/ld+json\" class=\"yoast-schema-graph\">{\"@context\":\"https:\/\/schema.org\",\"@graph\":[{\"@type\":\"WebPage\",\"@id\":\"https:\/\/www.aptobradametala.com\/de\/durchloecherungsservice-mit-cnc-maschine\/\",\"url\":\"https:\/\/www.aptobradametala.com\/de\/durchloecherungsservice-mit-cnc-maschine\/\",\"name\":\"Durchl\u00f6cherungsservice mit CNC-Maschine - Prerada i zavr\u0161na obrada metala\",\"isPartOf\":{\"@id\":\"https:\/\/www.aptobradametala.com\/#website\"},\"datePublished\":\"2018-09-10T09:09:08+00:00\",\"dateModified\":\"2018-10-01T10:49:23+00:00\",\"breadcrumb\":{\"@id\":\"https:\/\/www.aptobradametala.com\/de\/durchloecherungsservice-mit-cnc-maschine\/#breadcrumb\"},\"inLanguage\":\"de\",\"potentialAction\":[{\"@type\":\"ReadAction\",\"target\":[\"https:\/\/www.aptobradametala.com\/de\/durchloecherungsservice-mit-cnc-maschine\/\"]}]},{\"@type\":\"BreadcrumbList\",\"@id\":\"https:\/\/www.aptobradametala.com\/de\/durchloecherungsservice-mit-cnc-maschine\/#breadcrumb\",\"itemListElement\":[{\"@type\":\"ListItem\",\"position\":1,\"name\":\"\u041f\u043e\u0447\u0435\u0442\u043d\u0430\",\"item\":\"https:\/\/www.aptobradametala.com\/de\/\"},{\"@type\":\"ListItem\",\"position\":2,\"name\":\"Durchl\u00f6cherungsservice mit CNC-Maschine\"}]},{\"@type\":\"WebSite\",\"@id\":\"https:\/\/www.aptobradametala.com\/#website\",\"url\":\"https:\/\/www.aptobradametala.com\/\",\"name\":\"Prerada i zavr\u0161na obrada metala\",\"description\":\"Plastifikacija metala, uslu\u017eno probijanje na CNC probija\u010du, izrada polica za supermarket\",\"potentialAction\":[{\"@type\":\"SearchAction\",\"target\":{\"@type\":\"EntryPoint\",\"urlTemplate\":\"https:\/\/www.aptobradametala.com\/?s={search_term_string}\"},\"query-input\":\"required name=search_term_string\"}],\"inLanguage\":\"de\"}]}<\/script>\n<!-- \/ Yoast SEO plugin. -->","yoast_head_json":{"title":"Durchl\u00f6cherungsservice mit CNC-Maschine - Prerada i zavr\u0161na obrada metala","robots":{"index":"index","follow":"follow","max-snippet":"max-snippet:-1","max-image-preview":"max-image-preview:large","max-video-preview":"max-video-preview:-1"},"canonical":"https:\/\/www.aptobradametala.com\/de\/durchloecherungsservice-mit-cnc-maschine\/","og_locale":"de_DE","og_type":"article","og_title":"Durchl\u00f6cherungsservice mit CNC-Maschine - Prerada i zavr\u0161na obrada metala","og_url":"https:\/\/www.aptobradametala.com\/de\/durchloecherungsservice-mit-cnc-maschine\/","og_site_name":"Prerada i zavr\u0161na obrada metala","article_modified_time":"2018-10-01T10:49:23+00:00","twitter_card":"summary_large_image","twitter_misc":{"Gesch\u00e4tzte Lesezeit":"6\u00a0Minuten"},"schema":{"@context":"https:\/\/schema.org","@graph":[{"@type":"WebPage","@id":"https:\/\/www.aptobradametala.com\/de\/durchloecherungsservice-mit-cnc-maschine\/","url":"https:\/\/www.aptobradametala.com\/de\/durchloecherungsservice-mit-cnc-maschine\/","name":"Durchl\u00f6cherungsservice mit CNC-Maschine - Prerada i zavr\u0161na obrada metala","isPartOf":{"@id":"https:\/\/www.aptobradametala.com\/#website"},"datePublished":"2018-09-10T09:09:08+00:00","dateModified":"2018-10-01T10:49:23+00:00","breadcrumb":{"@id":"https:\/\/www.aptobradametala.com\/de\/durchloecherungsservice-mit-cnc-maschine\/#breadcrumb"},"inLanguage":"de","potentialAction":[{"@type":"ReadAction","target":["https:\/\/www.aptobradametala.com\/de\/durchloecherungsservice-mit-cnc-maschine\/"]}]},{"@type":"BreadcrumbList","@id":"https:\/\/www.aptobradametala.com\/de\/durchloecherungsservice-mit-cnc-maschine\/#breadcrumb","itemListElement":[{"@type":"ListItem","position":1,"name":"\u041f\u043e\u0447\u0435\u0442\u043d\u0430","item":"https:\/\/www.aptobradametala.com\/de\/"},{"@type":"ListItem","position":2,"name":"Durchl\u00f6cherungsservice mit CNC-Maschine"}]},{"@type":"WebSite","@id":"https:\/\/www.aptobradametala.com\/#website","url":"https:\/\/www.aptobradametala.com\/","name":"Prerada i zavr\u0161na obrada metala","description":"Plastifikacija metala, uslu\u017eno probijanje na CNC probija\u010du, izrada polica za supermarket","potentialAction":[{"@type":"SearchAction","target":{"@type":"EntryPoint","urlTemplate":"https:\/\/www.aptobradametala.com\/?s={search_term_string}"},"query-input":"required name=search_term_string"}],"inLanguage":"de"}]}},"_links":{"self":[{"href":"https:\/\/www.aptobradametala.com\/de\/wp-json\/wp\/v2\/pages\/2301"}],"collection":[{"href":"https:\/\/www.aptobradametala.com\/de\/wp-json\/wp\/v2\/pages"}],"about":[{"href":"https:\/\/www.aptobradametala.com\/de\/wp-json\/wp\/v2\/types\/page"}],"author":[{"embeddable":true,"href":"https:\/\/www.aptobradametala.com\/de\/wp-json\/wp\/v2\/users\/1"}],"replies":[{"embeddable":true,"href":"https:\/\/www.aptobradametala.com\/de\/wp-json\/wp\/v2\/comments?post=2301"}],"version-history":[{"count":0,"href":"https:\/\/www.aptobradametala.com\/de\/wp-json\/wp\/v2\/pages\/2301\/revisions"}],"wp:attachment":[{"href":"https:\/\/www.aptobradametala.com\/de\/wp-json\/wp\/v2\/media?parent=2301"}],"curies":[{"name":"wp","href":"https:\/\/api.w.org\/{rel}","templated":true}]}}