{"id":2295,"date":"2018-09-10T11:10:13","date_gmt":"2018-09-10T09:10:13","guid":{"rendered":"http:\/\/www.aptobradametala.com\/zavarivanje-profila-i-limova-tigmig-i-mag-postupkom\/"},"modified":"2018-10-01T12:55:32","modified_gmt":"2018-10-01T10:55:32","slug":"zusammenschweissung-des-blechs-mit-mig-mag-technik","status":"publish","type":"page","link":"https:\/\/www.aptobradametala.com\/de\/zusammenschweissung-des-blechs-mit-mig-mag-technik\/","title":{"rendered":"Zusammenschwei\u00dfung des Blechs mit Mig\/Mag Technik"},"content":{"rendered":"<p><div class=\"fusion-fullwidth fullwidth-box fusion-builder-row-1 fusion-parallax-none nonhundred-percent-fullwidth non-hundred-percent-height-scrolling\" style=\"--awb-border-radius-top-left:0px;--awb-border-radius-top-right:0px;--awb-border-radius-bottom-right:0px;--awb-border-radius-bottom-left:0px;--awb-padding-top:45px;--awb-background-color:#eeeeee;--awb-background-image:url(&quot;http:\/\/www.aptobradametala.com\/wp-content\/uploads\/2018\/09\/plastifikacija-metala-beograd-1.jpg&quot;);--awb-background-size:cover;--awb-flex-wrap:wrap;\" ><div class=\"fusion-builder-row fusion-row\"><div class=\"fusion-layout-column fusion_builder_column fusion-builder-column-0 fusion_builder_column_1_1 1_1 fusion-one-full fusion-column-first fusion-column-last fusion-animated\" style=\"--awb-bg-size:cover;--awb-margin-top:35px;--awb-margin-bottom:10px;\" data-animationType=\"zoomIn\" data-animationDuration=\"0.9\" data-animationOffset=\"top-into-view\"><div class=\"fusion-column-wrapper fusion-flex-column-wrapper-legacy\"><div class=\"fusion-title title fusion-title-1 fusion-sep-none fusion-title-center fusion-title-text fusion-title-size-three\"><h3 class=\"fusion-title-heading title-heading-center fusion-responsive-typography-calculated\" style=\"margin:0;--fontSize:26;line-height:1.15;\"><span style=\"color: #333645;\">Zusammenschwei\u00dfung des Blechs mit Mig\/Mag Technik (CO2-Argon) und Tig Schwei\u00dfverfahren.<\/span><\/h3><\/div><div class=\"fusion-sep-clear\"><\/div><div class=\"fusion-separator\" style=\"margin-left: auto;margin-right: auto;margin-top:16px;margin-bottom:36px;width:100%;max-width:24%;\"><div class=\"fusion-separator-border sep-single\" style=\"--awb-height:20px;--awb-amount:20px;border-color:#5e6276;border-top-width:2px;\"><\/div><\/div><div class=\"fusion-sep-clear\"><\/div><div class=\"fusion-text fusion-text-1\"><div id=\"jig1\" class=\"justified-image-grid jig-26374de13fa3bfc27dad586b29916fb1 jig-preset-global jig-source-nextgen\"><div class=\"jig-clearfix\"><\/div><noscript id=\"jig1-html\" class=\"justified-image-grid-html\" data-lazy-src=\"skiplazyload\" data-src=\"skipunveillazyload\"><ul><li><a href=\"https:\/\/www.aptobradametala.com\/wp-content\/gallery\/tig\/tig1.jpg\" title=\"tig1\"><img decoding=\"async\" src=\"https:\/\/www.aptobradametala.com\/wp-content\/plugins\/justified-image-grid\/timthumb.php?src=https%3A%2F%2Fwww.aptobradametala.com%2Fwp-content%2Fgallery%2Ftig%2Ftig1.jpg&amp;h=260&amp;q=90&amp;f=.jpg\" alt=\"tig1\" width=\"416\" height=\"260\" \/><\/a><p class=\"jig-HTMLdescription\">tig1<\/p><\/li><li><a href=\"https:\/\/www.aptobradametala.com\/wp-content\/gallery\/tig\/wig-i-tig-zavarivanje.jpg\"><img decoding=\"async\" src=\"https:\/\/www.aptobradametala.com\/wp-content\/plugins\/justified-image-grid\/timthumb.php?src=https%3A%2F%2Fwww.aptobradametala.com%2Fwp-content%2Fgallery%2Ftig%2Fwig-i-tig-zavarivanje.jpg&amp;h=260&amp;q=90&amp;f=.jpg\" alt=\"\" width=\"524\" height=\"260\" \/><\/a><\/li><li><a href=\"https:\/\/www.aptobradametala.com\/wp-content\/gallery\/tig\/zavaren-spoj-aluminijuma.jpg\"><img decoding=\"async\" src=\"https:\/\/www.aptobradametala.com\/wp-content\/plugins\/justified-image-grid\/timthumb.php?src=https%3A%2F%2Fwww.aptobradametala.com%2Fwp-content%2Fgallery%2Ftig%2Fzavaren-spoj-aluminijuma.jpg&amp;h=260&amp;q=90&amp;f=.jpg\" alt=\"\" width=\"346\" height=\"260\" \/><\/a><\/li><li><a href=\"https:\/\/www.aptobradametala.com\/wp-content\/gallery\/tig\/20180804_145838.jpg\" title=\"20180804_145838\"><img decoding=\"async\" src=\"https:\/\/www.aptobradametala.com\/wp-content\/plugins\/justified-image-grid\/timthumb.php?src=https%3A%2F%2Fwww.aptobradametala.com%2Fwp-content%2Fgallery%2Ftig%2F20180804_145838.jpg&amp;h=260&amp;q=90&amp;f=.jpg\" alt=\"20180804_145838\" width=\"195\" height=\"260\" \/><\/a><p class=\"jig-HTMLdescription\">20180804_145838<\/p><\/li><\/ul><\/noscript><\/div>\n<\/div><div class=\"fusion-clearfix\"><\/div><\/div><\/div><div class=\"fusion-layout-column fusion_builder_column fusion-builder-column-1 fusion_builder_column_1_1 1_1 fusion-one-full fusion-column-first fusion-column-last\" style=\"--awb-bg-size:cover;--awb-margin-top:0px;--awb-margin-bottom:0px;\"><div class=\"fusion-column-wrapper fusion-flex-column-wrapper-legacy\"><div class=\"fusion-column-content-centered\"><div class=\"fusion-column-content\"><div class=\"fusion-section-separator section-separator slant fusion-section-separator-1\" style=\"--awb-spacer-height:99px;--awb-svg-margin-left:0;--awb-svg-margin-right:0;--awb-divider-height:99px;--awb-spacer-padding-top:inherit;--awb-sep-padding:0;--awb-svg-padding:0;--awb-svg-tag-margin-bottom:-3px;--awb-sep-svg-display:block;\"><div class=\"fusion-section-separator-svg\"><svg class=\"fusion-slant-candy\" xmlns=\"http:\/\/www.w3.org\/2000\/svg\" version=\"1.1\" width=\"100%\" height=\"100\" viewBox=\"0 0 100 100\" preserveAspectRatio=\"none\" fill=\"rgba(51,54,69,1)\"><path d=\"M0 0 L0 100 L100 100 Z\"><\/path><\/svg><\/div><div class=\"fusion-section-separator-spacer\"><div class=\"fusion-section-separator-spacer-height\"><\/div><\/div><\/div><\/div><\/div><div class=\"fusion-clearfix\"><\/div><\/div><\/div><\/div><\/div><div class=\"fusion-fullwidth fullwidth-box fusion-builder-row-2 nonhundred-percent-fullwidth non-hundred-percent-height-scrolling\" style=\"--awb-background-position:center bottom;--awb-border-radius-top-left:0px;--awb-border-radius-top-right:0px;--awb-border-radius-bottom-right:0px;--awb-border-radius-bottom-left:0px;--awb-padding-top:40px;--awb-padding-bottom:70px;--awb-flex-wrap:wrap;\" ><div class=\"fusion-builder-row fusion-row\"><div class=\"fusion-layout-column fusion_builder_column fusion-builder-column-2 fusion_builder_column_1_1 1_1 fusion-one-full fusion-column-first fusion-column-last\" style=\"--awb-bg-size:cover;--awb-margin-top:20px;\"><div class=\"fusion-column-wrapper fusion-flex-column-wrapper-legacy\"><div class=\"fusion-title title fusion-title-2 fusion-sep-none fusion-title-center fusion-title-text fusion-title-size-three\" style=\"--awb-margin-top:0px;\"><h3 class=\"fusion-title-heading title-heading-center fusion-responsive-typography-calculated\" style=\"margin:0;--fontSize:26;line-height:1.15;\"><span style=\"color: #ffffff;\">Zusammenschwei\u00dfung mit Mig\/Mag Verfahren, mit Co2 oder mit der Mischung Co2 und Argon<\/span><\/h3><\/div><div class=\"fusion-sep-clear\"><\/div><div class=\"fusion-separator\" style=\"margin-left: auto;margin-right: auto;margin-top:16px;margin-bottom:36px;width:100%;max-width:24%;\"><div class=\"fusion-separator-border sep-single\" style=\"--awb-height:20px;--awb-amount:20px;border-color:#5e6276;border-top-width:2px;\"><\/div><\/div><div class=\"fusion-sep-clear\"><\/div><div class=\"fusion-text fusion-text-2\"><div id=\"jig2\" class=\"justified-image-grid jig-49b3ba59df02b598bdaeaefc9ffe0464 jig-preset-global jig-source-nextgen\"><div class=\"jig-clearfix\"><\/div><noscript id=\"jig2-html\" class=\"justified-image-grid-html\" data-lazy-src=\"skiplazyload\" data-src=\"skipunveillazyload\"><ul><li><a href=\"https:\/\/www.aptobradametala.com\/wp-content\/gallery\/mig-mag\/20171224_125100.jpg\" title=\"20171224_125100\"><img decoding=\"async\" src=\"https:\/\/www.aptobradametala.com\/wp-content\/plugins\/justified-image-grid\/timthumb.php?src=https%3A%2F%2Fwww.aptobradametala.com%2Fwp-content%2Fgallery%2Fmig-mag%2F20171224_125100.jpg&amp;h=260&amp;q=90&amp;f=.jpg\" alt=\"20171224_125100\" width=\"462\" height=\"260\" \/><\/a><p class=\"jig-HTMLdescription\">20171224_125100<\/p><\/li><li><a href=\"https:\/\/www.aptobradametala.com\/wp-content\/gallery\/mig-mag\/mig_mag_varjenje-198x198.jpg\"><img decoding=\"async\" src=\"https:\/\/www.aptobradametala.com\/wp-content\/plugins\/justified-image-grid\/timthumb.php?src=https%3A%2F%2Fwww.aptobradametala.com%2Fwp-content%2Fgallery%2Fmig-mag%2Fmig_mag_varjenje-198x198.jpg&amp;h=260&amp;q=90&amp;f=.jpg\" alt=\"\" width=\"260\" height=\"260\" \/><\/a><\/li><li><a href=\"https:\/\/www.aptobradametala.com\/wp-content\/gallery\/mig-mag\/migmag.jpg\" title=\"migmag\"><img decoding=\"async\" src=\"https:\/\/www.aptobradametala.com\/wp-content\/plugins\/justified-image-grid\/timthumb.php?src=https%3A%2F%2Fwww.aptobradametala.com%2Fwp-content%2Fgallery%2Fmig-mag%2Fmigmag.jpg&amp;h=260&amp;q=90&amp;f=.jpg\" alt=\"migmag\" width=\"362\" height=\"260\" \/><\/a><p class=\"jig-HTMLdescription\">migmag<\/p><\/li><li><a href=\"https:\/\/www.aptobradametala.com\/wp-content\/gallery\/mig-mag\/20171224_125216.jpg\" title=\"20171224_125216\"><img decoding=\"async\" src=\"https:\/\/www.aptobradametala.com\/wp-content\/plugins\/justified-image-grid\/timthumb.php?src=https%3A%2F%2Fwww.aptobradametala.com%2Fwp-content%2Fgallery%2Fmig-mag%2F20171224_125216.jpg&amp;h=260&amp;q=90&amp;f=.jpg\" alt=\"20171224_125216\" width=\"462\" height=\"260\" \/><\/a><p class=\"jig-HTMLdescription\">20171224_125216<\/p><\/li><li><a href=\"https:\/\/www.aptobradametala.com\/wp-content\/gallery\/mig-mag\/20171224_125259.jpg\" title=\"20171224_125259\"><img decoding=\"async\" src=\"https:\/\/www.aptobradametala.com\/wp-content\/plugins\/justified-image-grid\/timthumb.php?src=https%3A%2F%2Fwww.aptobradametala.com%2Fwp-content%2Fgallery%2Fmig-mag%2F20171224_125259.jpg&amp;h=260&amp;q=90&amp;f=.jpg\" alt=\"20171224_125259\" width=\"146\" height=\"260\" \/><\/a><p class=\"jig-HTMLdescription\">20171224_125259<\/p><\/li><li><a href=\"https:\/\/www.aptobradametala.com\/wp-content\/gallery\/mig-mag\/20171224_125403.jpg\" title=\"20171224_125403\"><img decoding=\"async\" src=\"https:\/\/www.aptobradametala.com\/wp-content\/plugins\/justified-image-grid\/timthumb.php?src=https%3A%2F%2Fwww.aptobradametala.com%2Fwp-content%2Fgallery%2Fmig-mag%2F20171224_125403.jpg&amp;h=260&amp;q=90&amp;f=.jpg\" alt=\"20171224_125403\" width=\"146\" height=\"260\" \/><\/a><p class=\"jig-HTMLdescription\">20171224_125403<\/p><\/li><li><a href=\"https:\/\/www.aptobradametala.com\/wp-content\/gallery\/mig-mag\/20171224_125424.jpg\" title=\"20171224_125424\"><img decoding=\"async\" src=\"https:\/\/www.aptobradametala.com\/wp-content\/plugins\/justified-image-grid\/timthumb.php?src=https%3A%2F%2Fwww.aptobradametala.com%2Fwp-content%2Fgallery%2Fmig-mag%2F20171224_125424.jpg&amp;h=260&amp;q=90&amp;f=.jpg\" alt=\"20171224_125424\" width=\"146\" height=\"260\" \/><\/a><p class=\"jig-HTMLdescription\">20171224_125424<\/p><\/li><li><a href=\"https:\/\/www.aptobradametala.com\/wp-content\/gallery\/mig-mag\/20180131_151202.jpg\" title=\"20180131_151202\"><img decoding=\"async\" src=\"https:\/\/www.aptobradametala.com\/wp-content\/plugins\/justified-image-grid\/timthumb.php?src=https%3A%2F%2Fwww.aptobradametala.com%2Fwp-content%2Fgallery%2Fmig-mag%2F20180131_151202.jpg&amp;h=260&amp;q=90&amp;f=.jpg\" alt=\"20180131_151202\" width=\"462\" height=\"260\" \/><\/a><p class=\"jig-HTMLdescription\">20180131_151202<\/p><\/li><li><a href=\"https:\/\/www.aptobradametala.com\/wp-content\/gallery\/mig-mag\/20180131_151208.jpg\" title=\"20180131_151208\"><img decoding=\"async\" src=\"https:\/\/www.aptobradametala.com\/wp-content\/plugins\/justified-image-grid\/timthumb.php?src=https%3A%2F%2Fwww.aptobradametala.com%2Fwp-content%2Fgallery%2Fmig-mag%2F20180131_151208.jpg&amp;h=260&amp;q=90&amp;f=.jpg\" alt=\"20180131_151208\" width=\"462\" height=\"260\" \/><\/a><p class=\"jig-HTMLdescription\">20180131_151208<\/p><\/li><li><a href=\"https:\/\/www.aptobradametala.com\/wp-content\/gallery\/mig-mag\/IMG_20180511_175103_498.jpg\" title=\"IMG_20180511_175103_498\"><img decoding=\"async\" src=\"https:\/\/www.aptobradametala.com\/wp-content\/plugins\/justified-image-grid\/timthumb.php?src=https%3A%2F%2Fwww.aptobradametala.com%2Fwp-content%2Fgallery%2Fmig-mag%2FIMG_20180511_175103_498.jpg&amp;h=260&amp;q=90&amp;f=.jpg\" alt=\"IMG_20180511_175103_498\" width=\"208\" height=\"260\" \/><\/a><p class=\"jig-HTMLdescription\">IMG_20180511_175103_498<\/p><\/li><li><a href=\"https:\/\/www.aptobradametala.com\/wp-content\/gallery\/mig-mag\/20181101_141641.jpg\" title=\"20181101_141641\"><img decoding=\"async\" src=\"https:\/\/www.aptobradametala.com\/wp-content\/plugins\/justified-image-grid\/timthumb.php?src=https%3A%2F%2Fwww.aptobradametala.com%2Fwp-content%2Fgallery%2Fmig-mag%2F20181101_141641.jpg&amp;h=260&amp;q=90&amp;f=.jpg\" alt=\"20181101_141641\" width=\"534\" height=\"260\" \/><\/a><p class=\"jig-HTMLdescription\">20181101_141641<\/p><\/li><li><a href=\"https:\/\/www.aptobradametala.com\/wp-content\/gallery\/mig-mag\/IMG-20181103-WA0000.jpg\"><img decoding=\"async\" src=\"https:\/\/www.aptobradametala.com\/wp-content\/plugins\/justified-image-grid\/timthumb.php?src=https%3A%2F%2Fwww.aptobradametala.com%2Fwp-content%2Fgallery%2Fmig-mag%2FIMG-20181103-WA0000.jpg&amp;h=260&amp;q=90&amp;f=.jpg\" alt=\"\" width=\"195\" height=\"260\" \/><\/a><\/li><li><a href=\"https:\/\/www.aptobradametala.com\/wp-content\/gallery\/mig-mag\/20171208_212536.jpg\" title=\"20171208_212536\"><img decoding=\"async\" src=\"https:\/\/www.aptobradametala.com\/wp-content\/plugins\/justified-image-grid\/timthumb.php?src=https%3A%2F%2Fwww.aptobradametala.com%2Fwp-content%2Fgallery%2Fmig-mag%2F20171208_212536.jpg&amp;h=260&amp;q=90&amp;f=.jpg\" alt=\"20171208_212536\" width=\"195\" height=\"260\" \/><\/a><p class=\"jig-HTMLdescription\">20171208_212536<\/p><\/li><li><a href=\"https:\/\/www.aptobradametala.com\/wp-content\/gallery\/mig-mag\/20180731_184706.jpg\" title=\"20180731_184706\"><img decoding=\"async\" src=\"https:\/\/www.aptobradametala.com\/wp-content\/plugins\/justified-image-grid\/timthumb.php?src=https%3A%2F%2Fwww.aptobradametala.com%2Fwp-content%2Fgallery%2Fmig-mag%2F20180731_184706.jpg&amp;h=260&amp;q=90&amp;f=.jpg\" alt=\"20180731_184706\" width=\"195\" height=\"260\" \/><\/a><p class=\"jig-HTMLdescription\">20180731_184706<\/p><\/li><li><a href=\"https:\/\/www.aptobradametala.com\/wp-content\/gallery\/mig-mag\/20171211_114013.jpg\" title=\"20171211_114013\"><img decoding=\"async\" src=\"https:\/\/www.aptobradametala.com\/wp-content\/plugins\/justified-image-grid\/timthumb.php?src=https%3A%2F%2Fwww.aptobradametala.com%2Fwp-content%2Fgallery%2Fmig-mag%2F20171211_114013.jpg&amp;h=260&amp;q=90&amp;f=.jpg\" alt=\"20171211_114013\" width=\"195\" height=\"260\" \/><\/a><p class=\"jig-HTMLdescription\">20171211_114013<\/p><\/li><\/ul><\/noscript><\/div>\n<\/div><div class=\"fusion-sep-clear\"><\/div><div class=\"fusion-separator\" style=\"margin-left: auto;margin-right: auto;margin-bottom:20px;width:100%;max-width:24%;\"><\/div><div class=\"fusion-sep-clear\"><\/div><div class=\"fusion-clearfix\"><\/div><\/div><\/div><div class=\"fusion-layout-column fusion_builder_column fusion-builder-column-3 fusion_builder_column_1_6 1_6 fusion-one-sixth fusion-column-first\" style=\"--awb-bg-size:cover;width:16.666666666667%;width:calc(16.666666666667% - ( ( 4% + 4% ) * 0.16666666666667 ) );margin-right: 4%;\"><div class=\"fusion-column-wrapper fusion-flex-column-wrapper-legacy\"><div class=\"fusion-clearfix\"><\/div><\/div><\/div><div class=\"fusion-layout-column fusion_builder_column fusion-builder-column-4 fusion_builder_column_2_3 2_3 fusion-two-third\" style=\"--awb-bg-size:cover;width:66.666666666667%;width:calc(66.666666666667% - ( ( 4% + 4% ) * 0.66666666666667 ) );margin-right: 4%;\"><div class=\"fusion-column-wrapper fusion-flex-column-wrapper-legacy\"><div class=\"fusion-align-block\"><a class=\"fusion-button button-flat button-large button-default fusion-button-default button-1 fusion-button-span-yes fusion-button-default-type\" target=\"_self\" href=\"tel:+38162762820\"><span class=\"fusion-button-text\">TEL : +38162762820<\/span><\/a><\/div><div class=\"fusion-clearfix\"><\/div><\/div><\/div><div class=\"fusion-layout-column fusion_builder_column fusion-builder-column-5 fusion_builder_column_1_6 1_6 fusion-one-sixth fusion-column-last\" style=\"--awb-bg-size:cover;width:16.666666666667%;width:calc(16.666666666667% - ( ( 4% + 4% ) * 0.16666666666667 ) );\"><div class=\"fusion-column-wrapper fusion-flex-column-wrapper-legacy\"><div class=\"fusion-clearfix\"><\/div><\/div><\/div><\/div><\/div><\/p>\n","protected":false},"excerpt":{"rendered":"","protected":false},"author":1,"featured_media":0,"parent":0,"menu_order":0,"comment_status":"closed","ping_status":"closed","template":"100-width.php","meta":{"ngg_post_thumbnail":0,"footnotes":""},"class_list":["post-2295","page","type-page","status-publish","hentry"],"yoast_head":"<!-- This site is optimized with the Yoast SEO plugin v23.0 - https:\/\/yoast.com\/wordpress\/plugins\/seo\/ -->\n<title>Zusammenschwei\u00dfung des Blechs mit Mig\/Mag Technik - Prerada i zavr\u0161na obrada metala<\/title>\n<meta name=\"robots\" content=\"index, follow, max-snippet:-1, max-image-preview:large, max-video-preview:-1\" \/>\n<link rel=\"canonical\" href=\"https:\/\/www.aptobradametala.com\/de\/zusammenschweissung-des-blechs-mit-mig-mag-technik\/\" \/>\n<meta property=\"og:locale\" content=\"de_DE\" \/>\n<meta property=\"og:type\" content=\"article\" \/>\n<meta property=\"og:title\" content=\"Zusammenschwei\u00dfung des Blechs mit Mig\/Mag Technik - Prerada i zavr\u0161na obrada metala\" \/>\n<meta property=\"og:url\" content=\"https:\/\/www.aptobradametala.com\/de\/zusammenschweissung-des-blechs-mit-mig-mag-technik\/\" \/>\n<meta property=\"og:site_name\" content=\"Prerada i zavr\u0161na obrada metala\" \/>\n<meta property=\"article:modified_time\" content=\"2018-10-01T10:55:32+00:00\" \/>\n<meta name=\"twitter:card\" content=\"summary_large_image\" \/>\n<meta name=\"twitter:label1\" content=\"Gesch\u00e4tzte Lesezeit\" \/>\n\t<meta name=\"twitter:data1\" content=\"5\u00a0Minuten\" \/>\n<script type=\"application\/ld+json\" class=\"yoast-schema-graph\">{\"@context\":\"https:\/\/schema.org\",\"@graph\":[{\"@type\":\"WebPage\",\"@id\":\"https:\/\/www.aptobradametala.com\/de\/zusammenschweissung-des-blechs-mit-mig-mag-technik\/\",\"url\":\"https:\/\/www.aptobradametala.com\/de\/zusammenschweissung-des-blechs-mit-mig-mag-technik\/\",\"name\":\"Zusammenschwei\u00dfung des Blechs mit Mig\/Mag Technik - Prerada i zavr\u0161na obrada metala\",\"isPartOf\":{\"@id\":\"https:\/\/www.aptobradametala.com\/#website\"},\"datePublished\":\"2018-09-10T09:10:13+00:00\",\"dateModified\":\"2018-10-01T10:55:32+00:00\",\"breadcrumb\":{\"@id\":\"https:\/\/www.aptobradametala.com\/de\/zusammenschweissung-des-blechs-mit-mig-mag-technik\/#breadcrumb\"},\"inLanguage\":\"de\",\"potentialAction\":[{\"@type\":\"ReadAction\",\"target\":[\"https:\/\/www.aptobradametala.com\/de\/zusammenschweissung-des-blechs-mit-mig-mag-technik\/\"]}]},{\"@type\":\"BreadcrumbList\",\"@id\":\"https:\/\/www.aptobradametala.com\/de\/zusammenschweissung-des-blechs-mit-mig-mag-technik\/#breadcrumb\",\"itemListElement\":[{\"@type\":\"ListItem\",\"position\":1,\"name\":\"\u041f\u043e\u0447\u0435\u0442\u043d\u0430\",\"item\":\"https:\/\/www.aptobradametala.com\/de\/\"},{\"@type\":\"ListItem\",\"position\":2,\"name\":\"Zusammenschwei\u00dfung des Blechs mit Mig\/Mag Technik\"}]},{\"@type\":\"WebSite\",\"@id\":\"https:\/\/www.aptobradametala.com\/#website\",\"url\":\"https:\/\/www.aptobradametala.com\/\",\"name\":\"Prerada i zavr\u0161na obrada metala\",\"description\":\"Plastifikacija metala, uslu\u017eno probijanje na CNC probija\u010du, izrada polica za supermarket\",\"potentialAction\":[{\"@type\":\"SearchAction\",\"target\":{\"@type\":\"EntryPoint\",\"urlTemplate\":\"https:\/\/www.aptobradametala.com\/?s={search_term_string}\"},\"query-input\":\"required name=search_term_string\"}],\"inLanguage\":\"de\"}]}<\/script>\n<!-- \/ Yoast SEO plugin. -->","yoast_head_json":{"title":"Zusammenschwei\u00dfung des Blechs mit Mig\/Mag Technik - Prerada i zavr\u0161na obrada metala","robots":{"index":"index","follow":"follow","max-snippet":"max-snippet:-1","max-image-preview":"max-image-preview:large","max-video-preview":"max-video-preview:-1"},"canonical":"https:\/\/www.aptobradametala.com\/de\/zusammenschweissung-des-blechs-mit-mig-mag-technik\/","og_locale":"de_DE","og_type":"article","og_title":"Zusammenschwei\u00dfung des Blechs mit Mig\/Mag Technik - Prerada i zavr\u0161na obrada metala","og_url":"https:\/\/www.aptobradametala.com\/de\/zusammenschweissung-des-blechs-mit-mig-mag-technik\/","og_site_name":"Prerada i zavr\u0161na obrada metala","article_modified_time":"2018-10-01T10:55:32+00:00","twitter_card":"summary_large_image","twitter_misc":{"Gesch\u00e4tzte Lesezeit":"5\u00a0Minuten"},"schema":{"@context":"https:\/\/schema.org","@graph":[{"@type":"WebPage","@id":"https:\/\/www.aptobradametala.com\/de\/zusammenschweissung-des-blechs-mit-mig-mag-technik\/","url":"https:\/\/www.aptobradametala.com\/de\/zusammenschweissung-des-blechs-mit-mig-mag-technik\/","name":"Zusammenschwei\u00dfung des Blechs mit Mig\/Mag Technik - Prerada i zavr\u0161na obrada metala","isPartOf":{"@id":"https:\/\/www.aptobradametala.com\/#website"},"datePublished":"2018-09-10T09:10:13+00:00","dateModified":"2018-10-01T10:55:32+00:00","breadcrumb":{"@id":"https:\/\/www.aptobradametala.com\/de\/zusammenschweissung-des-blechs-mit-mig-mag-technik\/#breadcrumb"},"inLanguage":"de","potentialAction":[{"@type":"ReadAction","target":["https:\/\/www.aptobradametala.com\/de\/zusammenschweissung-des-blechs-mit-mig-mag-technik\/"]}]},{"@type":"BreadcrumbList","@id":"https:\/\/www.aptobradametala.com\/de\/zusammenschweissung-des-blechs-mit-mig-mag-technik\/#breadcrumb","itemListElement":[{"@type":"ListItem","position":1,"name":"\u041f\u043e\u0447\u0435\u0442\u043d\u0430","item":"https:\/\/www.aptobradametala.com\/de\/"},{"@type":"ListItem","position":2,"name":"Zusammenschwei\u00dfung des Blechs mit Mig\/Mag Technik"}]},{"@type":"WebSite","@id":"https:\/\/www.aptobradametala.com\/#website","url":"https:\/\/www.aptobradametala.com\/","name":"Prerada i zavr\u0161na obrada metala","description":"Plastifikacija metala, uslu\u017eno probijanje na CNC probija\u010du, izrada polica za supermarket","potentialAction":[{"@type":"SearchAction","target":{"@type":"EntryPoint","urlTemplate":"https:\/\/www.aptobradametala.com\/?s={search_term_string}"},"query-input":"required name=search_term_string"}],"inLanguage":"de"}]}},"_links":{"self":[{"href":"https:\/\/www.aptobradametala.com\/de\/wp-json\/wp\/v2\/pages\/2295"}],"collection":[{"href":"https:\/\/www.aptobradametala.com\/de\/wp-json\/wp\/v2\/pages"}],"about":[{"href":"https:\/\/www.aptobradametala.com\/de\/wp-json\/wp\/v2\/types\/page"}],"author":[{"embeddable":true,"href":"https:\/\/www.aptobradametala.com\/de\/wp-json\/wp\/v2\/users\/1"}],"replies":[{"embeddable":true,"href":"https:\/\/www.aptobradametala.com\/de\/wp-json\/wp\/v2\/comments?post=2295"}],"version-history":[{"count":0,"href":"https:\/\/www.aptobradametala.com\/de\/wp-json\/wp\/v2\/pages\/2295\/revisions"}],"wp:attachment":[{"href":"https:\/\/www.aptobradametala.com\/de\/wp-json\/wp\/v2\/media?parent=2295"}],"curies":[{"name":"wp","href":"https:\/\/api.w.org\/{rel}","templated":true}]}}